{"id":4892,"date":"2020-09-23T13:19:27","date_gmt":"2020-09-23T13:19:27","guid":{"rendered":"https:\/\/dorissima.de\/allgemeine_geschaeftsbedingungen\/"},"modified":"2020-11-09T11:10:20","modified_gmt":"2020-11-09T11:10:20","slug":"allgemeine_geschaeftsbedingungen","status":"publish","type":"page","link":"https:\/\/dorissima.de\/en\/allgemeine_geschaeftsbedingungen\/","title":{"rendered":"terms and conditions"},"content":{"rendered":"<h2>Allgemeine Gesch\u00e4ftsbedingungen Dorissima.de<\/h2>\n<h3>\u00a7\u00a01 Allgemeines<\/h3>\n<p>(1) Diese Gesch\u00e4ftsbedingungen gelten f\u00fcr alle Vertr\u00e4ge, Lieferungen und sonstigen Leistungen der Brugger Handels- und Consulting KG, Bleibtreustra\u00dfe 16, 10623 Berlin (nachstehend: \u201eVerk\u00e4uferin\u201c), betreffend den Onlineshop www.dorissima.de und alle zur Domain geh\u00f6renden Sub-Domains. Abweichende Vorschriften der Kunden gelten nicht, es sei denn, die Verk\u00e4uferin hat dies schriftlich best\u00e4tigt. Individuelle Abreden zwischen der Verk\u00e4uferin und den Kunden haben stets Vorrang.<br \/>\n(2) Die Gesch\u00e4ftsbeziehungen zwischen der Verk\u00e4uferin und den Kunden unterliegen dem Recht der Bundesrepublik Deutschland. Bei Verbrauchern gilt diese Rechtswahl nur insoweit, als nicht der gew\u00e4hrte Schutz durch zwingende Bestimmungen des Rechts des Staates, in dem der Verbraucher seinen gew\u00f6hnlichen Aufenthalt hat, entzogen wird. Die Geltung von UN Kaufrecht ist ausgeschlossen.<br \/>\n(3) Die Vertragssprache ist deutsch.<br \/>\n(4) Gerichtsstand ist Berlin, soweit der Kunde Kaufmann ist oder eine juristische Person des \u00f6ffentlichen Rechts oder \u00f6ffentlich-rechtliches Sonderverm\u00f6gen. Dasselbe gilt, wenn ein Kunde keinen allgemeinen Gerichtsstand in Deutschland hat oder der Wohnsitz oder gew\u00f6hnlichen Aufenthalt im Zeitpunkt der Klageerhebung nicht bekannt sind.<br \/>\n(5) Wir liefern in folgende L\u00e4nder: Deutschland, \u00d6sterreich, Schweiz.<br \/>\n(6) Kunden haben die M\u00f6glichkeit eine alternative Streitbeilegung zu nutzen. Der folgende Link der EU-Kommission (auch OS-Plattform genannt) enth\u00e4lt Informationen \u00fcber die Online-Streitschlichtung und dient als zentrale Anlaufstelle zur au\u00dfergerichtlichen Beilegung von Streitigkeiten, die aus Online-Kaufvertr\u00e4gen erwachsen: ec.europa.eu\/consumers\/odr.<\/p>\n<h3>\u00a7\u00a02 Vertragsinhalte und Vertragsschluss<\/h3>\n<p>(1) Der Verk\u00e4ufer bietet den Kunden im Onlineshop www.dorissima.de neue Waren, vor allem Kosmetikartikel, Bademode, Accessoires, zum Kauf an.<br \/>\n(2) Beim Einkauf im Online-Shop kommt ein Kaufvertrag durch die Annahme der Bestellung des Kunden durch den Verk\u00e4ufer zustande. Preisauszeichnungen im Online-Shop stellen kein Angebot im Rechtssinne dar. Der Eingang und die Annahme der Bestellung werden dem Kunden per E-Mail best\u00e4tigt.<br \/>\nDer Kunde hat au\u00dferdem die M\u00f6glichkeit, telefonisch oder per E-Mail, Fax oder Brief bei der Verk\u00e4uferin wegen eines bestimmten Artikels anzufragen. Nach Erhalt einer solchen Anfrage unterbreitet die Verk\u00e4uferin dem Kunden ein entsprechendes Angebot per E-Mail, Brief oder Fax. Ein Vertrag kommt erst dann zustande, wenn der Kunde dieses Angebot annimmt.<br \/>\n(3) Der Vertragstext wird gespeichert. Er ist aber f\u00fcr den Kunden nicht zug\u00e4nglich.<\/p>\n<h3>\u00a7\u00a03 Preise, Versandkosten, Umsatzsteuer und Zahlung<\/h3>\n<p>(1) Bei Bestellungen \u00fcber den Onlineshop gelten die dort angegebenen Preise. S\u00e4mtliche Preise beinhalten die gesetzliche Umsatzsteuer.<br \/>\n(2) Die Preise verstehen sich zzgl. Versand- und Verpackungskosten, die dem Kunden vor Abgabe der Bestellung bekannt gegeben werden.<br \/>\nDie H\u00f6he der Versandkosten h\u00e4ngt vom Gewicht und den Abma\u00dfen der Ware ab sowie vom gew\u00fcnschten Ziel: siehe https:\/\/dorissima.de\/versand__lieferung\/<br \/>\n(3) Die Belieferung der Kunden durch die die Verk\u00e4uferin erfolgt nach Wunsch des Kunden gegen folgende Zahlungsmethoden: Vorkasse (durch \u00dcberweisung, per Paypal, Kreditkartenzahlung), .<br \/>\nW\u00e4hlt der Kunde Vorkasse per \u00dcberweisung, so ist die Zahlung sp\u00e4testens 7 Kalendertage nach Vertragsschluss f\u00e4llig.<br \/>\nBei Lieferung auf Rechnung ist die Zahlung sp\u00e4testens 7 Kalendertage nach Rechnungsstellung f\u00e4llig.<br \/>\n(4) Kommt ein Kunde mit seinen Zahlungsverpflichtungen in Verzug, so kann der Verk\u00e4ufer Schadensersatz nach den gesetzlichen Bestimmungen verlangen und \/ oder vom Vertrag zur\u00fccktreten.<br \/>\n(5) Der Verk\u00e4ufer stellt dem Kunden stets eine Rechnung aus, die ihm bei Lieferung der Ware ausgeh\u00e4ndigt wird oder sonst in Textform zugeht.<\/p>\n<h3>\u00a7\u00a04 Lieferung und Gefahr\u00fcbergang<\/h3>\n<p>(1) Die bestellten Waren werden, sofern vertraglich nicht abweichend vereinbart, an die vom Kunden angegebene Adresse geliefert. Die Lieferung erfolgt aus dem Lager des Verk\u00e4ufers.<br \/>\n(2) Die Verf\u00fcgbarkeit der einzelnen Waren ist in den Artikelbeschreibungen angegeben. Am Lager vorhandene Ware versendet der Verk\u00e4ufer, sofern nicht ausdr\u00fccklich abweichend vereinbart, innerhalb von 3-5 Werktagen nach Anweisung der Zahlung (bei Vorkasse durch \u00dcberweisung: innerhalb von 3-5 Werktagen nach Zahlungseingang). Ist bei einem Verkauf \u00fcber den Online-Shop die Ware als nicht vorr\u00e4tig gekennzeichnet, so bem\u00fcht sich der Verk\u00e4ufer um eine schnellstm\u00f6gliche Lieferung. Angaben des Verk\u00e4ufers zur Lieferfrist sind unverbindlich, sofern nicht ausnahmsweise der Liefertermin vom Verk\u00e4ufer verbindlich zugesagt wurde.<br \/>\n(3) Der Verk\u00e4ufer beh\u00e4lt sich vor, eine Teillieferung vorzunehmen, sofern dies f\u00fcr eine z\u00fcgige Abwicklung vorteilhaft erscheint und die Teillieferung f\u00fcr den Kunden nicht ausnahmsweise unzumutbar ist. Durch Teillieferungen entstehende Mehrkosten werden dem Kunden nicht in Rechnung gestellt.<br \/>\n(4) Der Verk\u00e4ufer beh\u00e4lt sich vor, sich von der Verpflichtung zur Erf\u00fcllung des Vertrages zu l\u00f6sen, wenn die Ware durch einen Lieferanten zum Tag der Auslieferung anzuliefern ist und die Anlieferung ganz oder teilweise unterbleibt. Dieser Selbstbelieferungsvorbehalt gilt nur dann, wenn der Verk\u00e4ufer das Ausbleiben der Anlieferung nicht zu vertreten hat. Der Verk\u00e4ufer hat das Ausbleiben der Leistung nicht zu vertreten, soweit rechtzeitig mit dem Zulieferer ein sog. kongruentes Deckungsgesch\u00e4ft zur Erf\u00fcllung der Vertragspflichten abgeschlossen wurde. Wird die Ware nicht geliefert, wird der Verk\u00e4ufer den Kunden unverz\u00fcglich \u00fcber diesen Umstand informieren und einen bereits gezahlten Kaufpreis sowie Versandkosten erstatten.<br \/>\nDie Gefahr des zuf\u00e4lligen Untergangs und der zuf\u00e4lligen Verschlechterung der Ware geht mit der \u00dcbergabe auf den Kunden \u00fcber. Ist der Kunde Unternehmer, so geht beim Versendungskauf die Gefahr des zuf\u00e4lligen Untergangs und der zuf\u00e4lligen Verschlechterung der Ware sowie die Verz\u00f6gerungsgefahr bereits mit Auslieferung der Ware an den Spediteur, den Frachtf\u00fchrer oder die sonst zur Ausf\u00fchrung der Versendung bestimmte Person \u00fcber.<\/p>\n<h3>\u00a7\u00a05 Eigentumsvorbehalt<\/h3>\n<p>Die gelieferten Waren bleiben bis zur Erf\u00fcllung aller Forderungen aus dem Vertrag im Eigentum des Verk\u00e4ufers; im Fall, dass der Kunde eine juristische Person des \u00f6ffentlichen Rechts, ein \u00f6ffentlich-rechtliches Sonderverm\u00f6gen oder ein Unternehmer in Aus\u00fcbung seiner gewerblichen oder selbstst\u00e4ndigen beruflichen T\u00e4tigkeit ist, auch dar\u00fcber hinaus aus der laufenden Gesch\u00e4ftsbeziehung bis zum Ausgleich aller Forderungen, die dem Verk\u00e4ufer im Zusammenhang mit dem Vertrag zustehen.<\/p>\n<h3>\u00a7\u00a06 Zur\u00fcckbehaltungsrecht<\/h3>\n<p>Zur Aus\u00fcbung eines Zur\u00fcckbehaltungsrechts ist der Kunde nur insoweit befugt, als sein Gegenanspruch auf demselben Vertragsverh\u00e4ltnis beruht.<\/p>\n<h3>\u00a7\u00a07 Haftung f\u00fcr Sach- und Rechtsm\u00e4ngel<\/h3>\n<p>(1) Soweit M\u00e4ngel vorliegen, stehen dem Kunden nach Ma\u00dfgabe der folgenden Bestimmungen die gesetzlichen Gew\u00e4hrleistungsrechte zu.<br \/>\nSind an dem Vertrag nur Kaufleute beteiligt, so gelten erg\u00e4nzend die \u00a7\u00a7 377 ff. HGB.<br \/>\n(2) Sch\u00e4den, die durch unsachgem\u00e4\u00dfe Handlungen des Kunden bei Aufstellung, Anschluss, Bedienung oder Lagerung der Ware hervorgerufen werden, begr\u00fcnden keinen Gew\u00e4hrleistungsanspruch gegen den Verk\u00e4ufer.<br \/>\nHinweise zur ordnungsgem\u00e4\u00dfen Behandlung kann der Kunde den Herstellerbeschreibungen entnehmen.<br \/>\n(3) M\u00e4ngel sind vom Kunden innerhalb einer Gew\u00e4hrleistungsfrist von zwei Jahren bei neuen Sachen bzw. von einem Jahr bei gebrauchten Sachen gegen\u00fcber dem Verk\u00e4ufer zu r\u00fcgen.<br \/>\nIst der Kunde Unternehmer, so betr\u00e4gt die Gew\u00e4hrleistungsfrist bei neuen Sachen ein Jahr. Bei gebrauchten Sachen ist die Gew\u00e4hrleistung gegen\u00fcber Unternehmern ausgeschlossen.<br \/>\nDie vorstehenden Haftungsbeschr\u00e4nkungen gelten nicht, soweit der Verk\u2030ufer einen Mangel arglistig verschwiegen oder eine Garantie f\u00fcr die Beschaffenheit der Ware \u00fcbernommen hat, und nicht f\u00fcr Schadensersatzanspr\u00fcche des Kunden, die auf Ersatz eines K\u00f6rper- oder Gesundheitsschadens wegen eines vom Verk\u00e4ufer zu vertretenden Mangels gerichtet oder die auf vors\u00e4tzliches oder grob fahrl\u00e4ssiges Verschulden des Verk\u00e4ufers oder seiner Erf\u00fcllungsgehilfen gest\u00fctzt sind.<br \/>\n(4) Liegen M\u00e4ngel vor und wurden diese rechtzeitig geltend gemacht, ist der Verk\u00e4ufer zur Nacherf\u00fcllung berechtigt. Schl\u00e4gt die Nacherf\u00fcllung fehl, ist der Kunde berechtigt, den Kaufpreis zu mindern oder vom Vertrag zur\u00fcckzutreten. Im \u00dcbrigen gelten die gesetzlichen Bestimmungen.<\/p>\n<h3>\u00a7\u00a08 Informationspflichten bei Transportsch\u00e4den<\/h3>\n<p>Werden Waren mit offensichtlichen Sch\u00e4den an der Verpackung oder am Inhalt angeliefert, so soll der Kunde dies unbeschadet seiner Gew\u00e4hrleistungsrechte (\u00a7 7) sofort beim Spediteur\/Frachtdienst reklamieren und unverz\u00fcglich durch eine E-Mail oder auf sonstige Weise (Fax\/Post) mit dem Verk\u00e4ufer Kontakt aufnehmen, damit dieser etwaige Rechte gegen\u00fcber dem Spediteur\/ Frachtdienst wahren kann.<\/p>\n<h3>\u00a7\u00a09 Haftungsausschluss<\/h3>\n<p>(1) Au\u00dferhalb der Haftung f\u00fcr Sach- und Rechtsm\u00e4ngel haftet der Verk\u00e4ufer unbeschr\u00e4nkt, soweit die Schadensursache auf Vorsatz oder grober Fahrl\u00e4ssigkeit beruht. Er haftet auch f\u00fcr die leicht fahrl\u00e4ssige Verletzung von wesentlichen Pflichten (Pflichten, deren Verletzung die Erreichung des Vertragszwecks gef\u00e4hrdet) sowie f\u00fcr die Verletzung von Kardinalpflichten (Pflichten, deren Erf\u00fcllung die ordnungsgem\u00e4\u00dfe Durchf\u00fchrung des Vertrages \u00fcberhaupt erst erm\u00f6glicht und auf deren Einhaltung der Kunde regelm\u00e4\u00dfig vertraut), jedoch jeweils nur f\u00fcr den vorhersehbaren, vertragstypischen Schaden. F\u00fcr die leicht fahrl\u00e4ssige Verletzung anderer als der vorstehenden Pflichten haftet der Verk\u00e4ufer nicht.<br \/>\n(2) Die Haftungsbeschr\u00e4nkungen des vorstehenden Absatzes gelten nicht bei der Verletzung von Leben, K\u00f6rper und Gesundheit, f\u00fcr einen Mangel nach \u00dcbernahme einer Garantie f\u00fcr die Beschaffenheit des Produktes und bei arglistig verschwiegenen M\u00e4ngeln. Die Haftung nach dem Produkthaftungsgesetz bleibt unber\u00fchrt.<br \/>\n(3) Ist die Haftung des Verk\u00e4ufers ausgeschlossen oder beschr\u00e4nkt, so gilt dies ebenfalls f\u00fcr die pers\u00f6nliche Haftung seiner Angestellten, Vertreter und Erf\u00fcllungsgehilfen.<\/p>\n<p>&nbsp;<\/p>\n","protected":false},"excerpt":{"rendered":"<p>Allgemeine Gesch\u00e4ftsbedingungen Dorissima.de \u00a7\u00a01 Allgemeines (1) Diese Gesch\u00e4ftsbedingungen gelten f\u00fcr alle Vertr\u00e4ge,  &#8230;<\/p>\n","protected":false},"author":6,"featured_media":0,"parent":0,"menu_order":0,"comment_status":"closed","ping_status":"closed","template":"","meta":{"footnotes":""},"class_list":["post-4892","page","type-page","status-publish","hentry"],"yoast_head":"<!-- This site is optimized with the Yoast SEO plugin v27.4 - https:\/\/yoast.com\/product\/yoast-seo-wordpress\/ -->\n<title>terms and conditions - Dorissima<\/title>\n<meta name=\"robots\" content=\"index, follow, max-snippet:-1, max-image-preview:large, max-video-preview:-1\" \/>\n<link rel=\"canonical\" href=\"https:\/\/dorissima.de\/en\/allgemeine_geschaeftsbedingungen\/\" \/>\n<meta property=\"og:locale\" content=\"en_US\" \/>\n<meta property=\"og:type\" content=\"article\" \/>\n<meta property=\"og:title\" content=\"terms and conditions - Dorissima\" \/>\n<meta property=\"og:description\" content=\"Allgemeine Gesch\u00e4ftsbedingungen Dorissima.de \u00a7\u00a01 Allgemeines (1) Diese Gesch\u00e4ftsbedingungen gelten f\u00fcr alle Vertr\u00e4ge, ...\" \/>\n<meta property=\"og:url\" content=\"https:\/\/dorissima.de\/en\/allgemeine_geschaeftsbedingungen\/\" \/>\n<meta property=\"og:site_name\" content=\"Dorissima\" \/>\n<meta property=\"article:publisher\" content=\"https:\/\/www.facebook.com\/www.dorissima.de\" \/>\n<meta property=\"article:modified_time\" content=\"2020-11-09T11:10:20+00:00\" \/>\n<meta property=\"og:image\" content=\"https:\/\/dorissima.de\/wp-content\/uploads\/2020\/11\/dorissima_handwritten.png\" \/>\n\t<meta property=\"og:image:width\" content=\"400\" \/>\n\t<meta property=\"og:image:height\" content=\"103\" \/>\n\t<meta property=\"og:image:type\" content=\"image\/png\" \/>\n<meta name=\"twitter:card\" content=\"summary_large_image\" \/>\n<meta name=\"twitter:label1\" content=\"Est. reading time\" \/>\n\t<meta name=\"twitter:data1\" content=\"7 minutes\" \/>\n<script type=\"application\/ld+json\" class=\"yoast-schema-graph\">{\"@context\":\"https:\\\/\\\/schema.org\",\"@graph\":[{\"@type\":\"WebPage\",\"@id\":\"https:\\\/\\\/dorissima.de\\\/en\\\/allgemeine_geschaeftsbedingungen\\\/\",\"url\":\"https:\\\/\\\/dorissima.de\\\/en\\\/allgemeine_geschaeftsbedingungen\\\/\",\"name\":\"terms and conditions - Dorissima\",\"isPartOf\":{\"@id\":\"https:\\\/\\\/dorissima.de\\\/en\\\/#website\"},\"datePublished\":\"2020-09-23T13:19:27+00:00\",\"dateModified\":\"2020-11-09T11:10:20+00:00\",\"breadcrumb\":{\"@id\":\"https:\\\/\\\/dorissima.de\\\/en\\\/allgemeine_geschaeftsbedingungen\\\/#breadcrumb\"},\"inLanguage\":\"en-US\",\"potentialAction\":[{\"@type\":\"ReadAction\",\"target\":[\"https:\\\/\\\/dorissima.de\\\/en\\\/allgemeine_geschaeftsbedingungen\\\/\"]}]},{\"@type\":\"BreadcrumbList\",\"@id\":\"https:\\\/\\\/dorissima.de\\\/en\\\/allgemeine_geschaeftsbedingungen\\\/#breadcrumb\",\"itemListElement\":[{\"@type\":\"ListItem\",\"position\":1,\"name\":\"Startseite\",\"item\":\"https:\\\/\\\/dorissima.de\\\/en\\\/\"},{\"@type\":\"ListItem\",\"position\":2,\"name\":\"terms and conditions\"}]},{\"@type\":\"WebSite\",\"@id\":\"https:\\\/\\\/dorissima.de\\\/en\\\/#website\",\"url\":\"https:\\\/\\\/dorissima.de\\\/en\\\/\",\"name\":\"Dorissima\",\"description\":\"Touch - Feel - Live\",\"publisher\":{\"@id\":\"https:\\\/\\\/dorissima.de\\\/en\\\/#organization\"},\"potentialAction\":[{\"@type\":\"SearchAction\",\"target\":{\"@type\":\"EntryPoint\",\"urlTemplate\":\"https:\\\/\\\/dorissima.de\\\/en\\\/?s={search_term_string}\"},\"query-input\":{\"@type\":\"PropertyValueSpecification\",\"valueRequired\":true,\"valueName\":\"search_term_string\"}}],\"inLanguage\":\"en-US\"},{\"@type\":\"Organization\",\"@id\":\"https:\\\/\\\/dorissima.de\\\/en\\\/#organization\",\"name\":\"Dorissima - Brugger Handels- und Consulting KG\",\"url\":\"https:\\\/\\\/dorissima.de\\\/en\\\/\",\"logo\":{\"@type\":\"ImageObject\",\"inLanguage\":\"en-US\",\"@id\":\"https:\\\/\\\/dorissima.de\\\/en\\\/#\\\/schema\\\/logo\\\/image\\\/\",\"url\":\"https:\\\/\\\/dorissima.de\\\/wp-content\\\/uploads\\\/2020\\\/11\\\/dorissima_handwritten.png\",\"contentUrl\":\"https:\\\/\\\/dorissima.de\\\/wp-content\\\/uploads\\\/2020\\\/11\\\/dorissima_handwritten.png\",\"width\":400,\"height\":103,\"caption\":\"Dorissima - Brugger Handels- und Consulting KG\"},\"image\":{\"@id\":\"https:\\\/\\\/dorissima.de\\\/en\\\/#\\\/schema\\\/logo\\\/image\\\/\"},\"sameAs\":[\"https:\\\/\\\/www.facebook.com\\\/www.dorissima.de\",\"https:\\\/\\\/www.instagram.com\\\/dorissima.spirit\"]}]}<\/script>\n<!-- \/ Yoast SEO plugin. -->","yoast_head_json":{"title":"terms and conditions - Dorissima","robots":{"index":"index","follow":"follow","max-snippet":"max-snippet:-1","max-image-preview":"max-image-preview:large","max-video-preview":"max-video-preview:-1"},"canonical":"https:\/\/dorissima.de\/en\/allgemeine_geschaeftsbedingungen\/","og_locale":"en_US","og_type":"article","og_title":"terms and conditions - Dorissima","og_description":"Allgemeine Gesch\u00e4ftsbedingungen Dorissima.de \u00a7\u00a01 Allgemeines (1) Diese Gesch\u00e4ftsbedingungen gelten f\u00fcr alle Vertr\u00e4ge, ...","og_url":"https:\/\/dorissima.de\/en\/allgemeine_geschaeftsbedingungen\/","og_site_name":"Dorissima","article_publisher":"https:\/\/www.facebook.com\/www.dorissima.de","article_modified_time":"2020-11-09T11:10:20+00:00","og_image":[{"width":400,"height":103,"url":"https:\/\/dorissima.de\/wp-content\/uploads\/2020\/11\/dorissima_handwritten.png","type":"image\/png"}],"twitter_card":"summary_large_image","twitter_misc":{"Est. reading time":"7 minutes"},"schema":{"@context":"https:\/\/schema.org","@graph":[{"@type":"WebPage","@id":"https:\/\/dorissima.de\/en\/allgemeine_geschaeftsbedingungen\/","url":"https:\/\/dorissima.de\/en\/allgemeine_geschaeftsbedingungen\/","name":"terms and conditions - Dorissima","isPartOf":{"@id":"https:\/\/dorissima.de\/en\/#website"},"datePublished":"2020-09-23T13:19:27+00:00","dateModified":"2020-11-09T11:10:20+00:00","breadcrumb":{"@id":"https:\/\/dorissima.de\/en\/allgemeine_geschaeftsbedingungen\/#breadcrumb"},"inLanguage":"en-US","potentialAction":[{"@type":"ReadAction","target":["https:\/\/dorissima.de\/en\/allgemeine_geschaeftsbedingungen\/"]}]},{"@type":"BreadcrumbList","@id":"https:\/\/dorissima.de\/en\/allgemeine_geschaeftsbedingungen\/#breadcrumb","itemListElement":[{"@type":"ListItem","position":1,"name":"Startseite","item":"https:\/\/dorissima.de\/en\/"},{"@type":"ListItem","position":2,"name":"terms and conditions"}]},{"@type":"WebSite","@id":"https:\/\/dorissima.de\/en\/#website","url":"https:\/\/dorissima.de\/en\/","name":"Dorissima","description":"Touch - Feel - Live","publisher":{"@id":"https:\/\/dorissima.de\/en\/#organization"},"potentialAction":[{"@type":"SearchAction","target":{"@type":"EntryPoint","urlTemplate":"https:\/\/dorissima.de\/en\/?s={search_term_string}"},"query-input":{"@type":"PropertyValueSpecification","valueRequired":true,"valueName":"search_term_string"}}],"inLanguage":"en-US"},{"@type":"Organization","@id":"https:\/\/dorissima.de\/en\/#organization","name":"Dorissima - Brugger Handels- und Consulting KG","url":"https:\/\/dorissima.de\/en\/","logo":{"@type":"ImageObject","inLanguage":"en-US","@id":"https:\/\/dorissima.de\/en\/#\/schema\/logo\/image\/","url":"https:\/\/dorissima.de\/wp-content\/uploads\/2020\/11\/dorissima_handwritten.png","contentUrl":"https:\/\/dorissima.de\/wp-content\/uploads\/2020\/11\/dorissima_handwritten.png","width":400,"height":103,"caption":"Dorissima - Brugger Handels- und Consulting KG"},"image":{"@id":"https:\/\/dorissima.de\/en\/#\/schema\/logo\/image\/"},"sameAs":["https:\/\/www.facebook.com\/www.dorissima.de","https:\/\/www.instagram.com\/dorissima.spirit"]}]}},"_links":{"self":[{"href":"https:\/\/dorissima.de\/en\/wp-json\/wp\/v2\/pages\/4892","targetHints":{"allow":["GET"]}}],"collection":[{"href":"https:\/\/dorissima.de\/en\/wp-json\/wp\/v2\/pages"}],"about":[{"href":"https:\/\/dorissima.de\/en\/wp-json\/wp\/v2\/types\/page"}],"author":[{"embeddable":true,"href":"https:\/\/dorissima.de\/en\/wp-json\/wp\/v2\/users\/6"}],"replies":[{"embeddable":true,"href":"https:\/\/dorissima.de\/en\/wp-json\/wp\/v2\/comments?post=4892"}],"version-history":[{"count":1,"href":"https:\/\/dorissima.de\/en\/wp-json\/wp\/v2\/pages\/4892\/revisions"}],"predecessor-version":[{"id":4894,"href":"https:\/\/dorissima.de\/en\/wp-json\/wp\/v2\/pages\/4892\/revisions\/4894"}],"wp:attachment":[{"href":"https:\/\/dorissima.de\/en\/wp-json\/wp\/v2\/media?parent=4892"}],"curies":[{"name":"wp","href":"https:\/\/api.w.org\/{rel}","templated":true}]}}