{"id":7842,"date":"2021-05-12T10:00:14","date_gmt":"2021-05-12T10:00:14","guid":{"rendered":"https:\/\/dorissima.de\/?post_type=product&#038;p=7842"},"modified":"2021-07-14T13:27:11","modified_gmt":"2021-07-14T13:27:11","slug":"sandelholz-jasmin-siddharthanaturseife-fluessig240-ml","status":"publish","type":"product","link":"https:\/\/dorissima.de\/en\/shop\/unsere-empfehlungen-en\/dr-bronners-en\/naturseife-fluessig-en\/sandelholz-jasmin-siddharthanaturseife-fluessig240-ml\/","title":{"rendered":"SANDELHOLZ-JASMIN SIDDHARTHA<br>NATURSEIFE FL\u00dcSSIG<br>240 ml"},"content":{"rendered":"","protected":false},"excerpt":{"rendered":"<p style=\"padding-bottom: 3%;\">Die verseiften \u00d6le reinigen schonend und nat\u00fcrlich, ohne zu fetten, und sind aus kontrolliert biologischem Anbau nach dem National Organic Standards Programm zertifiziert. Die Seifen sind biologisch abbaubar, vegan und werden in Flaschen aus zu 100% recyceltem Plastik abgef\u00fcllt. Die Einhaltung unserer Fair Trade Standards wird regelm\u00e4\u00dfig durch das angesehene Schweizer Zertifizierungsunternehmen IMO \u00fcberpr\u00fcft. Die Seifen sind frei von synthetischen Schaumbildnern, Verdickungsmitteln, Petrochemikalien und Konservierungsstoffen. Der samtige Schaum entsteht nur durch die spezielle Mischung nat\u00fcrlicher Zutaten, der eine 150 Jahre lange Erfahrung zugrunde liegt. Gut zu K\u00f6rper und Umwelt. Mit Dr. Bronner\u2019s kannst Du jeden Tag dazu beitragen, die Welt ein kleines St\u00fcckchen besser machen. \u201cWe are All-One or None!\u201c<\/p>\n","protected":false},"featured_media":7827,"comment_status":"open","ping_status":"closed","template":"","meta":[],"product_brand":[],"product_cat":[343,394],"product_tag":[],"class_list":{"0":"post-7842","1":"product","2":"type-product","3":"status-publish","4":"has-post-thumbnail","6":"product_cat-dr-bronners-en","7":"product_cat-naturseife-fluessig-en","9":"first","10":"instock","11":"taxable","12":"shipping-taxable","13":"purchasable","14":"product-type-simple"},"yoast_head":"<!-- This site is optimized with the Yoast SEO plugin v27.4 - https:\/\/yoast.com\/product\/yoast-seo-wordpress\/ -->\n<title>SANDELHOLZ-JASMIN SIDDHARTHANATURSEIFE FL\u00dcSSIG240 ml - Dorissima<\/title>\n<meta name=\"robots\" content=\"index, follow, max-snippet:-1, max-image-preview:large, max-video-preview:-1\" \/>\n<link rel=\"canonical\" href=\"https:\/\/dorissima.de\/en\/shop\/unsere-empfehlungen-en\/dr-bronners-en\/naturseife-fluessig-en\/sandelholz-jasmin-siddharthanaturseife-fluessig240-ml\/\" \/>\n<meta property=\"og:locale\" content=\"en_US\" \/>\n<meta property=\"og:type\" content=\"article\" \/>\n<meta property=\"og:title\" content=\"SANDELHOLZ-JASMIN SIDDHARTHANATURSEIFE FL\u00dcSSIG240 ml - Dorissima\" \/>\n<meta property=\"og:description\" content=\"Die verseiften \u00d6le reinigen schonend und nat\u00fcrlich, ohne zu fetten, und sind aus kontrolliert biologischem Anbau nach dem National Organic Standards Programm zertifiziert. Die Seifen sind biologisch abbaubar, vegan und werden in Flaschen aus zu 100% recyceltem Plastik abgef\u00fcllt. Die Einhaltung unserer Fair Trade Standards wird regelm\u00e4\u00dfig durch das angesehene Schweizer Zertifizierungsunternehmen IMO \u00fcberpr\u00fcft. Die Seifen sind frei von synthetischen Schaumbildnern, Verdickungsmitteln, Petrochemikalien und Konservierungsstoffen. Der samtige Schaum entsteht nur durch die spezielle Mischung nat\u00fcrlicher Zutaten, der eine 150 Jahre lange Erfahrung zugrunde liegt. Gut zu K\u00f6rper und Umwelt. Mit Dr. Bronner\u2019s kannst Du jeden Tag dazu beitragen, die Welt ein kleines St\u00fcckchen besser machen. \u201cWe are All-One or None!\u201c\" \/>\n<meta property=\"og:url\" content=\"https:\/\/dorissima.de\/en\/shop\/unsere-empfehlungen-en\/dr-bronners-en\/naturseife-fluessig-en\/sandelholz-jasmin-siddharthanaturseife-fluessig240-ml\/\" \/>\n<meta property=\"og:site_name\" content=\"Dorissima\" \/>\n<meta property=\"article:publisher\" content=\"https:\/\/www.facebook.com\/www.dorissima.de\" \/>\n<meta property=\"article:modified_time\" content=\"2021-07-14T13:27:11+00:00\" \/>\n<meta property=\"og:image\" content=\"https:\/\/dorissima.de\/wp-content\/uploads\/2021\/05\/sandelholz-jasmin-8oz.jpg\" \/>\n\t<meta property=\"og:image:width\" content=\"500\" \/>\n\t<meta property=\"og:image:height\" content=\"750\" \/>\n\t<meta property=\"og:image:type\" content=\"image\/jpeg\" \/>\n<meta name=\"twitter:card\" content=\"summary_large_image\" \/>\n<script type=\"application\/ld+json\" class=\"yoast-schema-graph\">{\"@context\":\"https:\\\/\\\/schema.org\",\"@graph\":[{\"@type\":\"WebPage\",\"@id\":\"https:\\\/\\\/dorissima.de\\\/en\\\/shop\\\/unsere-empfehlungen-en\\\/dr-bronners-en\\\/naturseife-fluessig-en\\\/sandelholz-jasmin-siddharthanaturseife-fluessig240-ml\\\/\",\"url\":\"https:\\\/\\\/dorissima.de\\\/en\\\/shop\\\/unsere-empfehlungen-en\\\/dr-bronners-en\\\/naturseife-fluessig-en\\\/sandelholz-jasmin-siddharthanaturseife-fluessig240-ml\\\/\",\"name\":\"SANDELHOLZ-JASMIN SIDDHARTHA NATURSEIFE FL\u00dcSSIG 240 ml - Dorissima\",\"isPartOf\":{\"@id\":\"https:\\\/\\\/dorissima.de\\\/en\\\/#website\"},\"primaryImageOfPage\":{\"@id\":\"https:\\\/\\\/dorissima.de\\\/en\\\/shop\\\/unsere-empfehlungen-en\\\/dr-bronners-en\\\/naturseife-fluessig-en\\\/sandelholz-jasmin-siddharthanaturseife-fluessig240-ml\\\/#primaryimage\"},\"image\":{\"@id\":\"https:\\\/\\\/dorissima.de\\\/en\\\/shop\\\/unsere-empfehlungen-en\\\/dr-bronners-en\\\/naturseife-fluessig-en\\\/sandelholz-jasmin-siddharthanaturseife-fluessig240-ml\\\/#primaryimage\"},\"thumbnailUrl\":\"https:\\\/\\\/dorissima.de\\\/wp-content\\\/uploads\\\/2021\\\/05\\\/sandelholz-jasmin-8oz.jpg\",\"datePublished\":\"2021-05-12T10:00:14+00:00\",\"dateModified\":\"2021-07-14T13:27:11+00:00\",\"breadcrumb\":{\"@id\":\"https:\\\/\\\/dorissima.de\\\/en\\\/shop\\\/unsere-empfehlungen-en\\\/dr-bronners-en\\\/naturseife-fluessig-en\\\/sandelholz-jasmin-siddharthanaturseife-fluessig240-ml\\\/#breadcrumb\"},\"inLanguage\":\"en-US\",\"potentialAction\":[{\"@type\":\"ReadAction\",\"target\":[\"https:\\\/\\\/dorissima.de\\\/en\\\/shop\\\/unsere-empfehlungen-en\\\/dr-bronners-en\\\/naturseife-fluessig-en\\\/sandelholz-jasmin-siddharthanaturseife-fluessig240-ml\\\/\"]}]},{\"@type\":\"ImageObject\",\"inLanguage\":\"en-US\",\"@id\":\"https:\\\/\\\/dorissima.de\\\/en\\\/shop\\\/unsere-empfehlungen-en\\\/dr-bronners-en\\\/naturseife-fluessig-en\\\/sandelholz-jasmin-siddharthanaturseife-fluessig240-ml\\\/#primaryimage\",\"url\":\"https:\\\/\\\/dorissima.de\\\/wp-content\\\/uploads\\\/2021\\\/05\\\/sandelholz-jasmin-8oz.jpg\",\"contentUrl\":\"https:\\\/\\\/dorissima.de\\\/wp-content\\\/uploads\\\/2021\\\/05\\\/sandelholz-jasmin-8oz.jpg\",\"width\":500,\"height\":750},{\"@type\":\"BreadcrumbList\",\"@id\":\"https:\\\/\\\/dorissima.de\\\/en\\\/shop\\\/unsere-empfehlungen-en\\\/dr-bronners-en\\\/naturseife-fluessig-en\\\/sandelholz-jasmin-siddharthanaturseife-fluessig240-ml\\\/#breadcrumb\",\"itemListElement\":[{\"@type\":\"ListItem\",\"position\":1,\"name\":\"Startseite\",\"item\":\"https:\\\/\\\/dorissima.de\\\/en\\\/\"},{\"@type\":\"ListItem\",\"position\":2,\"name\":\"Shop\",\"item\":\"https:\\\/\\\/dorissima.de\\\/en\\\/shop\\\/\"},{\"@type\":\"ListItem\",\"position\":3,\"name\":\"SANDELHOLZ-JASMIN SIDDHARTHANATURSEIFE FL\u00dcSSIG240 ml\"}]},{\"@type\":\"WebSite\",\"@id\":\"https:\\\/\\\/dorissima.de\\\/en\\\/#website\",\"url\":\"https:\\\/\\\/dorissima.de\\\/en\\\/\",\"name\":\"Dorissima\",\"description\":\"Touch - Feel - Live\",\"publisher\":{\"@id\":\"https:\\\/\\\/dorissima.de\\\/en\\\/#organization\"},\"potentialAction\":[{\"@type\":\"SearchAction\",\"target\":{\"@type\":\"EntryPoint\",\"urlTemplate\":\"https:\\\/\\\/dorissima.de\\\/en\\\/?s={search_term_string}\"},\"query-input\":{\"@type\":\"PropertyValueSpecification\",\"valueRequired\":true,\"valueName\":\"search_term_string\"}}],\"inLanguage\":\"en-US\"},{\"@type\":\"Organization\",\"@id\":\"https:\\\/\\\/dorissima.de\\\/en\\\/#organization\",\"name\":\"Dorissima - Brugger Handels- und Consulting KG\",\"url\":\"https:\\\/\\\/dorissima.de\\\/en\\\/\",\"logo\":{\"@type\":\"ImageObject\",\"inLanguage\":\"en-US\",\"@id\":\"https:\\\/\\\/dorissima.de\\\/en\\\/#\\\/schema\\\/logo\\\/image\\\/\",\"url\":\"https:\\\/\\\/dorissima.de\\\/wp-content\\\/uploads\\\/2020\\\/11\\\/dorissima_handwritten.png\",\"contentUrl\":\"https:\\\/\\\/dorissima.de\\\/wp-content\\\/uploads\\\/2020\\\/11\\\/dorissima_handwritten.png\",\"width\":400,\"height\":103,\"caption\":\"Dorissima - Brugger Handels- und Consulting KG\"},\"image\":{\"@id\":\"https:\\\/\\\/dorissima.de\\\/en\\\/#\\\/schema\\\/logo\\\/image\\\/\"},\"sameAs\":[\"https:\\\/\\\/www.facebook.com\\\/www.dorissima.de\",\"https:\\\/\\\/www.instagram.com\\\/dorissima.spirit\"]}]}<\/script>\n<!-- \/ Yoast SEO plugin. -->","yoast_head_json":{"title":"SANDELHOLZ-JASMIN SIDDHARTHANATURSEIFE FL\u00dcSSIG240 ml - Dorissima","robots":{"index":"index","follow":"follow","max-snippet":"max-snippet:-1","max-image-preview":"max-image-preview:large","max-video-preview":"max-video-preview:-1"},"canonical":"https:\/\/dorissima.de\/en\/shop\/unsere-empfehlungen-en\/dr-bronners-en\/naturseife-fluessig-en\/sandelholz-jasmin-siddharthanaturseife-fluessig240-ml\/","og_locale":"en_US","og_type":"article","og_title":"SANDELHOLZ-JASMIN SIDDHARTHANATURSEIFE FL\u00dcSSIG240 ml - Dorissima","og_description":"Die verseiften \u00d6le reinigen schonend und nat\u00fcrlich, ohne zu fetten, und sind aus kontrolliert biologischem Anbau nach dem National Organic Standards Programm zertifiziert. Die Seifen sind biologisch abbaubar, vegan und werden in Flaschen aus zu 100% recyceltem Plastik abgef\u00fcllt. Die Einhaltung unserer Fair Trade Standards wird regelm\u00e4\u00dfig durch das angesehene Schweizer Zertifizierungsunternehmen IMO \u00fcberpr\u00fcft. Die Seifen sind frei von synthetischen Schaumbildnern, Verdickungsmitteln, Petrochemikalien und Konservierungsstoffen. Der samtige Schaum entsteht nur durch die spezielle Mischung nat\u00fcrlicher Zutaten, der eine 150 Jahre lange Erfahrung zugrunde liegt. Gut zu K\u00f6rper und Umwelt. Mit Dr. Bronner\u2019s kannst Du jeden Tag dazu beitragen, die Welt ein kleines St\u00fcckchen besser machen. \u201cWe are All-One or None!\u201c","og_url":"https:\/\/dorissima.de\/en\/shop\/unsere-empfehlungen-en\/dr-bronners-en\/naturseife-fluessig-en\/sandelholz-jasmin-siddharthanaturseife-fluessig240-ml\/","og_site_name":"Dorissima","article_publisher":"https:\/\/www.facebook.com\/www.dorissima.de","article_modified_time":"2021-07-14T13:27:11+00:00","og_image":[{"width":500,"height":750,"url":"https:\/\/dorissima.de\/wp-content\/uploads\/2021\/05\/sandelholz-jasmin-8oz.jpg","type":"image\/jpeg"}],"twitter_card":"summary_large_image","schema":{"@context":"https:\/\/schema.org","@graph":[{"@type":"WebPage","@id":"https:\/\/dorissima.de\/en\/shop\/unsere-empfehlungen-en\/dr-bronners-en\/naturseife-fluessig-en\/sandelholz-jasmin-siddharthanaturseife-fluessig240-ml\/","url":"https:\/\/dorissima.de\/en\/shop\/unsere-empfehlungen-en\/dr-bronners-en\/naturseife-fluessig-en\/sandelholz-jasmin-siddharthanaturseife-fluessig240-ml\/","name":"SANDELHOLZ-JASMIN SIDDHARTHA NATURSEIFE FL\u00dcSSIG 240 ml - Dorissima","isPartOf":{"@id":"https:\/\/dorissima.de\/en\/#website"},"primaryImageOfPage":{"@id":"https:\/\/dorissima.de\/en\/shop\/unsere-empfehlungen-en\/dr-bronners-en\/naturseife-fluessig-en\/sandelholz-jasmin-siddharthanaturseife-fluessig240-ml\/#primaryimage"},"image":{"@id":"https:\/\/dorissima.de\/en\/shop\/unsere-empfehlungen-en\/dr-bronners-en\/naturseife-fluessig-en\/sandelholz-jasmin-siddharthanaturseife-fluessig240-ml\/#primaryimage"},"thumbnailUrl":"https:\/\/dorissima.de\/wp-content\/uploads\/2021\/05\/sandelholz-jasmin-8oz.jpg","datePublished":"2021-05-12T10:00:14+00:00","dateModified":"2021-07-14T13:27:11+00:00","breadcrumb":{"@id":"https:\/\/dorissima.de\/en\/shop\/unsere-empfehlungen-en\/dr-bronners-en\/naturseife-fluessig-en\/sandelholz-jasmin-siddharthanaturseife-fluessig240-ml\/#breadcrumb"},"inLanguage":"en-US","potentialAction":[{"@type":"ReadAction","target":["https:\/\/dorissima.de\/en\/shop\/unsere-empfehlungen-en\/dr-bronners-en\/naturseife-fluessig-en\/sandelholz-jasmin-siddharthanaturseife-fluessig240-ml\/"]}]},{"@type":"ImageObject","inLanguage":"en-US","@id":"https:\/\/dorissima.de\/en\/shop\/unsere-empfehlungen-en\/dr-bronners-en\/naturseife-fluessig-en\/sandelholz-jasmin-siddharthanaturseife-fluessig240-ml\/#primaryimage","url":"https:\/\/dorissima.de\/wp-content\/uploads\/2021\/05\/sandelholz-jasmin-8oz.jpg","contentUrl":"https:\/\/dorissima.de\/wp-content\/uploads\/2021\/05\/sandelholz-jasmin-8oz.jpg","width":500,"height":750},{"@type":"BreadcrumbList","@id":"https:\/\/dorissima.de\/en\/shop\/unsere-empfehlungen-en\/dr-bronners-en\/naturseife-fluessig-en\/sandelholz-jasmin-siddharthanaturseife-fluessig240-ml\/#breadcrumb","itemListElement":[{"@type":"ListItem","position":1,"name":"Startseite","item":"https:\/\/dorissima.de\/en\/"},{"@type":"ListItem","position":2,"name":"Shop","item":"https:\/\/dorissima.de\/en\/shop\/"},{"@type":"ListItem","position":3,"name":"SANDELHOLZ-JASMIN SIDDHARTHANATURSEIFE FL\u00dcSSIG240 ml"}]},{"@type":"WebSite","@id":"https:\/\/dorissima.de\/en\/#website","url":"https:\/\/dorissima.de\/en\/","name":"Dorissima","description":"Touch - Feel - Live","publisher":{"@id":"https:\/\/dorissima.de\/en\/#organization"},"potentialAction":[{"@type":"SearchAction","target":{"@type":"EntryPoint","urlTemplate":"https:\/\/dorissima.de\/en\/?s={search_term_string}"},"query-input":{"@type":"PropertyValueSpecification","valueRequired":true,"valueName":"search_term_string"}}],"inLanguage":"en-US"},{"@type":"Organization","@id":"https:\/\/dorissima.de\/en\/#organization","name":"Dorissima - Brugger Handels- und Consulting KG","url":"https:\/\/dorissima.de\/en\/","logo":{"@type":"ImageObject","inLanguage":"en-US","@id":"https:\/\/dorissima.de\/en\/#\/schema\/logo\/image\/","url":"https:\/\/dorissima.de\/wp-content\/uploads\/2020\/11\/dorissima_handwritten.png","contentUrl":"https:\/\/dorissima.de\/wp-content\/uploads\/2020\/11\/dorissima_handwritten.png","width":400,"height":103,"caption":"Dorissima - Brugger Handels- und Consulting KG"},"image":{"@id":"https:\/\/dorissima.de\/en\/#\/schema\/logo\/image\/"},"sameAs":["https:\/\/www.facebook.com\/www.dorissima.de","https:\/\/www.instagram.com\/dorissima.spirit"]}]}},"_links":{"self":[{"href":"https:\/\/dorissima.de\/en\/wp-json\/wp\/v2\/product\/7842","targetHints":{"allow":["GET"]}}],"collection":[{"href":"https:\/\/dorissima.de\/en\/wp-json\/wp\/v2\/product"}],"about":[{"href":"https:\/\/dorissima.de\/en\/wp-json\/wp\/v2\/types\/product"}],"replies":[{"embeddable":true,"href":"https:\/\/dorissima.de\/en\/wp-json\/wp\/v2\/comments?post=7842"}],"wp:featuredmedia":[{"embeddable":true,"href":"https:\/\/dorissima.de\/en\/wp-json\/wp\/v2\/media\/7827"}],"wp:attachment":[{"href":"https:\/\/dorissima.de\/en\/wp-json\/wp\/v2\/media?parent=7842"}],"wp:term":[{"taxonomy":"product_brand","embeddable":true,"href":"https:\/\/dorissima.de\/en\/wp-json\/wp\/v2\/product_brand?post=7842"},{"taxonomy":"product_cat","embeddable":true,"href":"https:\/\/dorissima.de\/en\/wp-json\/wp\/v2\/product_cat?post=7842"},{"taxonomy":"product_tag","embeddable":true,"href":"https:\/\/dorissima.de\/en\/wp-json\/wp\/v2\/product_tag?post=7842"}],"curies":[{"name":"wp","href":"https:\/\/api.w.org\/{rel}","templated":true}]}}