{"id":7987,"date":"2021-05-19T08:29:21","date_gmt":"2021-05-19T08:29:21","guid":{"rendered":"https:\/\/dorissima.de\/?post_type=product&#038;p=7987"},"modified":"2021-07-06T13:04:37","modified_gmt":"2021-07-06T13:04:37","slug":"teebaum-d2naturseife-fest140-g","status":"publish","type":"product","link":"https:\/\/dorissima.de\/en\/shop\/unsere-empfehlungen-en\/dr-bronners-en\/naturseife-fest-en\/teebaum-d2naturseife-fest140-g\/","title":{"rendered":"TEEBAUM d<sup>2<\/sup><br>NATURSEIFE FEST<br>140 g"},"content":{"rendered":"<p>Die verseiften \u00d6le reinigen schonend und nat\u00fcrlich, ohne zu fetten, und sind aus kontrolliert biologischem Anbau nach dem \u201eNational Organic Standards\u201c-Programm zertifiziert. Die Seifen sind biologisch abbaubar, vegan und werden in zu 100% recyceltem Altpapier eingewickelt. Au\u00dferdem sind sie frei von synthetischen Schaumbildnern, Verdickungsmitteln, Petrochemikalien und Konservierungsstoffen. Der samtige Schaum entsteht nur durch die spezielle Mischung nat\u00fcrlicher Zutaten, der eine jahrelange Erfahrung zu Grunde liegt. Die Einhaltung unserer Fair Trade Standards wird regelm\u00e4\u00dfig durch das angesehene Schweizer Zertifizierungsunternehmen IMO \u00fcberpr\u00fcft. Sie fundieren auf unseren Werten, die Dr. Bronner\u2019s nun schon seit 150 Jahren innehat und deren Kern der faire Umgang mit Mensch, Tier und Natur ist. Mit Dr. Bronner\u2019s kannst Du jeden Tag dazu beitragen, die Welt ein kleines St\u00fcckchen besser zu machen. \u201cWe are All-One or None!\u201c<\/p>\n<p>ZERTIFIKATE<br \/>\nNatrue, Naturkosmetik BDIH, fair for life, Vegan, Leaping Bunny, USDA Organic, World Fair Trade Organization, Non GMO Projekt<\/p>\n","protected":false},"excerpt":{"rendered":"<p style=\"padding-bottom: 3%;\">Der w\u00fcrzige Wunderheiler!<br \/>\nOb bei Schnittwunden und Prellungen oder bei Hauterkrankungen wie Akne, Dermatitis und Psoriasis: Bio-Teebaum\u00f6l ist ein wahres Wundermittel und schafft mit seiner antiseptischen Wirkung f\u00fcr Abhilfe oder zumindest Linderung. Eine Eigenschaft, die wir in unserer Naturseife Teebaum, mit ihrer Basisrezeptur aus biologischen Kokos-, Oliven-, Palmkern-, Hanf- und Jojoba\u00f6len, auch erhalten konnten. Ihr Duft ist sehr individuell und besticht durch eine nat\u00fcrliche W\u00fcrze. Hat man ihn einmal ins Herz geschlossen, will man nicht mehr ohne ihn auskommen m\u00fcssen.<\/p>\n","protected":false},"featured_media":5700,"comment_status":"open","ping_status":"closed","template":"","meta":[],"product_brand":[],"product_cat":[316,368],"product_tag":[],"class_list":{"0":"post-7987","1":"product","2":"type-product","3":"status-publish","4":"has-post-thumbnail","6":"product_cat-dr-bronners","7":"product_cat-naturseife-fest","9":"first","10":"instock","11":"taxable","12":"shipping-taxable","13":"purchasable","14":"product-type-simple"},"yoast_head":"<!-- This site is optimized with the Yoast SEO plugin v27.3 - https:\/\/yoast.com\/product\/yoast-seo-wordpress\/ -->\n<title>TEEBAUM d2NATURSEIFE FEST140 g - Dorissima<\/title>\n<meta name=\"robots\" content=\"index, follow, max-snippet:-1, max-image-preview:large, max-video-preview:-1\" \/>\n<link rel=\"canonical\" href=\"https:\/\/dorissima.de\/en\/shop\/unsere-empfehlungen-en\/dr-bronners-en\/naturseife-fest-en\/teebaum-d2naturseife-fest140-g\/\" \/>\n<meta property=\"og:locale\" content=\"en_US\" \/>\n<meta property=\"og:type\" content=\"article\" \/>\n<meta property=\"og:title\" content=\"TEEBAUM d2NATURSEIFE FEST140 g - Dorissima\" \/>\n<meta property=\"og:description\" content=\"Der w\u00fcrzige Wunderheiler! Ob bei Schnittwunden und Prellungen oder bei Hauterkrankungen wie Akne, Dermatitis und Psoriasis: Bio-Teebaum\u00f6l ist ein wahres Wundermittel und schafft mit seiner antiseptischen Wirkung f\u00fcr Abhilfe oder zumindest Linderung. Eine Eigenschaft, die wir in unserer Naturseife Teebaum, mit ihrer Basisrezeptur aus biologischen Kokos-, Oliven-, Palmkern-, Hanf- und Jojoba\u00f6len, auch erhalten konnten. Ihr Duft ist sehr individuell und besticht durch eine nat\u00fcrliche W\u00fcrze. Hat man ihn einmal ins Herz geschlossen, will man nicht mehr ohne ihn auskommen m\u00fcssen.\" \/>\n<meta property=\"og:url\" content=\"https:\/\/dorissima.de\/en\/shop\/unsere-empfehlungen-en\/dr-bronners-en\/naturseife-fest-en\/teebaum-d2naturseife-fest140-g\/\" \/>\n<meta property=\"og:site_name\" content=\"Dorissima\" \/>\n<meta property=\"article:publisher\" content=\"https:\/\/www.facebook.com\/www.dorissima.de\" \/>\n<meta property=\"article:modified_time\" content=\"2021-07-06T13:04:37+00:00\" \/>\n<meta property=\"og:image\" content=\"https:\/\/dorissima.de\/wp-content\/uploads\/2020\/10\/de-bar_soap-5oz-teatree_800x1200.jpg\" \/>\n\t<meta property=\"og:image:width\" content=\"400\" \/>\n\t<meta property=\"og:image:height\" content=\"272\" \/>\n\t<meta property=\"og:image:type\" content=\"image\/jpeg\" \/>\n<meta name=\"twitter:card\" content=\"summary_large_image\" \/>\n<meta name=\"twitter:label1\" content=\"Est. reading time\" \/>\n\t<meta name=\"twitter:data1\" content=\"1 minute\" \/>\n<script type=\"application\/ld+json\" class=\"yoast-schema-graph\">{\"@context\":\"https:\\\/\\\/schema.org\",\"@graph\":[{\"@type\":\"WebPage\",\"@id\":\"https:\\\/\\\/dorissima.de\\\/en\\\/shop\\\/unsere-empfehlungen-en\\\/dr-bronners-en\\\/naturseife-fest-en\\\/teebaum-d2naturseife-fest140-g\\\/\",\"url\":\"https:\\\/\\\/dorissima.de\\\/en\\\/shop\\\/unsere-empfehlungen-en\\\/dr-bronners-en\\\/naturseife-fest-en\\\/teebaum-d2naturseife-fest140-g\\\/\",\"name\":\"TEEBAUM d2 NATURSEIFE FEST 140 g - Dorissima\",\"isPartOf\":{\"@id\":\"https:\\\/\\\/dorissima.de\\\/en\\\/#website\"},\"primaryImageOfPage\":{\"@id\":\"https:\\\/\\\/dorissima.de\\\/en\\\/shop\\\/unsere-empfehlungen-en\\\/dr-bronners-en\\\/naturseife-fest-en\\\/teebaum-d2naturseife-fest140-g\\\/#primaryimage\"},\"image\":{\"@id\":\"https:\\\/\\\/dorissima.de\\\/en\\\/shop\\\/unsere-empfehlungen-en\\\/dr-bronners-en\\\/naturseife-fest-en\\\/teebaum-d2naturseife-fest140-g\\\/#primaryimage\"},\"thumbnailUrl\":\"https:\\\/\\\/dorissima.de\\\/wp-content\\\/uploads\\\/2020\\\/10\\\/de-bar_soap-5oz-teatree_800x1200.jpg\",\"datePublished\":\"2021-05-19T08:29:21+00:00\",\"dateModified\":\"2021-07-06T13:04:37+00:00\",\"breadcrumb\":{\"@id\":\"https:\\\/\\\/dorissima.de\\\/en\\\/shop\\\/unsere-empfehlungen-en\\\/dr-bronners-en\\\/naturseife-fest-en\\\/teebaum-d2naturseife-fest140-g\\\/#breadcrumb\"},\"inLanguage\":\"en-US\",\"potentialAction\":[{\"@type\":\"ReadAction\",\"target\":[\"https:\\\/\\\/dorissima.de\\\/en\\\/shop\\\/unsere-empfehlungen-en\\\/dr-bronners-en\\\/naturseife-fest-en\\\/teebaum-d2naturseife-fest140-g\\\/\"]}]},{\"@type\":\"ImageObject\",\"inLanguage\":\"en-US\",\"@id\":\"https:\\\/\\\/dorissima.de\\\/en\\\/shop\\\/unsere-empfehlungen-en\\\/dr-bronners-en\\\/naturseife-fest-en\\\/teebaum-d2naturseife-fest140-g\\\/#primaryimage\",\"url\":\"https:\\\/\\\/dorissima.de\\\/wp-content\\\/uploads\\\/2020\\\/10\\\/de-bar_soap-5oz-teatree_800x1200.jpg\",\"contentUrl\":\"https:\\\/\\\/dorissima.de\\\/wp-content\\\/uploads\\\/2020\\\/10\\\/de-bar_soap-5oz-teatree_800x1200.jpg\",\"width\":400,\"height\":272},{\"@type\":\"BreadcrumbList\",\"@id\":\"https:\\\/\\\/dorissima.de\\\/en\\\/shop\\\/unsere-empfehlungen-en\\\/dr-bronners-en\\\/naturseife-fest-en\\\/teebaum-d2naturseife-fest140-g\\\/#breadcrumb\",\"itemListElement\":[{\"@type\":\"ListItem\",\"position\":1,\"name\":\"Startseite\",\"item\":\"https:\\\/\\\/dorissima.de\\\/en\\\/\"},{\"@type\":\"ListItem\",\"position\":2,\"name\":\"Shop\",\"item\":\"https:\\\/\\\/dorissima.de\\\/en\\\/shop\\\/\"},{\"@type\":\"ListItem\",\"position\":3,\"name\":\"TEEBAUM d2NATURSEIFE FEST140 g\"}]},{\"@type\":\"WebSite\",\"@id\":\"https:\\\/\\\/dorissima.de\\\/en\\\/#website\",\"url\":\"https:\\\/\\\/dorissima.de\\\/en\\\/\",\"name\":\"Dorissima\",\"description\":\"Touch - Feel - Live\",\"publisher\":{\"@id\":\"https:\\\/\\\/dorissima.de\\\/en\\\/#organization\"},\"potentialAction\":[{\"@type\":\"SearchAction\",\"target\":{\"@type\":\"EntryPoint\",\"urlTemplate\":\"https:\\\/\\\/dorissima.de\\\/en\\\/?s={search_term_string}\"},\"query-input\":{\"@type\":\"PropertyValueSpecification\",\"valueRequired\":true,\"valueName\":\"search_term_string\"}}],\"inLanguage\":\"en-US\"},{\"@type\":\"Organization\",\"@id\":\"https:\\\/\\\/dorissima.de\\\/en\\\/#organization\",\"name\":\"Dorissima - Brugger Handels- und Consulting KG\",\"url\":\"https:\\\/\\\/dorissima.de\\\/en\\\/\",\"logo\":{\"@type\":\"ImageObject\",\"inLanguage\":\"en-US\",\"@id\":\"https:\\\/\\\/dorissima.de\\\/en\\\/#\\\/schema\\\/logo\\\/image\\\/\",\"url\":\"https:\\\/\\\/dorissima.de\\\/wp-content\\\/uploads\\\/2020\\\/11\\\/dorissima_handwritten.png\",\"contentUrl\":\"https:\\\/\\\/dorissima.de\\\/wp-content\\\/uploads\\\/2020\\\/11\\\/dorissima_handwritten.png\",\"width\":400,\"height\":103,\"caption\":\"Dorissima - Brugger Handels- und Consulting KG\"},\"image\":{\"@id\":\"https:\\\/\\\/dorissima.de\\\/en\\\/#\\\/schema\\\/logo\\\/image\\\/\"},\"sameAs\":[\"https:\\\/\\\/www.facebook.com\\\/www.dorissima.de\",\"https:\\\/\\\/www.instagram.com\\\/dorissima.spirit\"]}]}<\/script>\n<!-- \/ Yoast SEO plugin. -->","yoast_head_json":{"title":"TEEBAUM d2NATURSEIFE FEST140 g - Dorissima","robots":{"index":"index","follow":"follow","max-snippet":"max-snippet:-1","max-image-preview":"max-image-preview:large","max-video-preview":"max-video-preview:-1"},"canonical":"https:\/\/dorissima.de\/en\/shop\/unsere-empfehlungen-en\/dr-bronners-en\/naturseife-fest-en\/teebaum-d2naturseife-fest140-g\/","og_locale":"en_US","og_type":"article","og_title":"TEEBAUM d2NATURSEIFE FEST140 g - Dorissima","og_description":"Der w\u00fcrzige Wunderheiler! Ob bei Schnittwunden und Prellungen oder bei Hauterkrankungen wie Akne, Dermatitis und Psoriasis: Bio-Teebaum\u00f6l ist ein wahres Wundermittel und schafft mit seiner antiseptischen Wirkung f\u00fcr Abhilfe oder zumindest Linderung. Eine Eigenschaft, die wir in unserer Naturseife Teebaum, mit ihrer Basisrezeptur aus biologischen Kokos-, Oliven-, Palmkern-, Hanf- und Jojoba\u00f6len, auch erhalten konnten. Ihr Duft ist sehr individuell und besticht durch eine nat\u00fcrliche W\u00fcrze. Hat man ihn einmal ins Herz geschlossen, will man nicht mehr ohne ihn auskommen m\u00fcssen.","og_url":"https:\/\/dorissima.de\/en\/shop\/unsere-empfehlungen-en\/dr-bronners-en\/naturseife-fest-en\/teebaum-d2naturseife-fest140-g\/","og_site_name":"Dorissima","article_publisher":"https:\/\/www.facebook.com\/www.dorissima.de","article_modified_time":"2021-07-06T13:04:37+00:00","og_image":[{"width":400,"height":272,"url":"https:\/\/dorissima.de\/wp-content\/uploads\/2020\/10\/de-bar_soap-5oz-teatree_800x1200.jpg","type":"image\/jpeg"}],"twitter_card":"summary_large_image","twitter_misc":{"Est. reading time":"1 minute"},"schema":{"@context":"https:\/\/schema.org","@graph":[{"@type":"WebPage","@id":"https:\/\/dorissima.de\/en\/shop\/unsere-empfehlungen-en\/dr-bronners-en\/naturseife-fest-en\/teebaum-d2naturseife-fest140-g\/","url":"https:\/\/dorissima.de\/en\/shop\/unsere-empfehlungen-en\/dr-bronners-en\/naturseife-fest-en\/teebaum-d2naturseife-fest140-g\/","name":"TEEBAUM d2 NATURSEIFE FEST 140 g - Dorissima","isPartOf":{"@id":"https:\/\/dorissima.de\/en\/#website"},"primaryImageOfPage":{"@id":"https:\/\/dorissima.de\/en\/shop\/unsere-empfehlungen-en\/dr-bronners-en\/naturseife-fest-en\/teebaum-d2naturseife-fest140-g\/#primaryimage"},"image":{"@id":"https:\/\/dorissima.de\/en\/shop\/unsere-empfehlungen-en\/dr-bronners-en\/naturseife-fest-en\/teebaum-d2naturseife-fest140-g\/#primaryimage"},"thumbnailUrl":"https:\/\/dorissima.de\/wp-content\/uploads\/2020\/10\/de-bar_soap-5oz-teatree_800x1200.jpg","datePublished":"2021-05-19T08:29:21+00:00","dateModified":"2021-07-06T13:04:37+00:00","breadcrumb":{"@id":"https:\/\/dorissima.de\/en\/shop\/unsere-empfehlungen-en\/dr-bronners-en\/naturseife-fest-en\/teebaum-d2naturseife-fest140-g\/#breadcrumb"},"inLanguage":"en-US","potentialAction":[{"@type":"ReadAction","target":["https:\/\/dorissima.de\/en\/shop\/unsere-empfehlungen-en\/dr-bronners-en\/naturseife-fest-en\/teebaum-d2naturseife-fest140-g\/"]}]},{"@type":"ImageObject","inLanguage":"en-US","@id":"https:\/\/dorissima.de\/en\/shop\/unsere-empfehlungen-en\/dr-bronners-en\/naturseife-fest-en\/teebaum-d2naturseife-fest140-g\/#primaryimage","url":"https:\/\/dorissima.de\/wp-content\/uploads\/2020\/10\/de-bar_soap-5oz-teatree_800x1200.jpg","contentUrl":"https:\/\/dorissima.de\/wp-content\/uploads\/2020\/10\/de-bar_soap-5oz-teatree_800x1200.jpg","width":400,"height":272},{"@type":"BreadcrumbList","@id":"https:\/\/dorissima.de\/en\/shop\/unsere-empfehlungen-en\/dr-bronners-en\/naturseife-fest-en\/teebaum-d2naturseife-fest140-g\/#breadcrumb","itemListElement":[{"@type":"ListItem","position":1,"name":"Startseite","item":"https:\/\/dorissima.de\/en\/"},{"@type":"ListItem","position":2,"name":"Shop","item":"https:\/\/dorissima.de\/en\/shop\/"},{"@type":"ListItem","position":3,"name":"TEEBAUM d2NATURSEIFE FEST140 g"}]},{"@type":"WebSite","@id":"https:\/\/dorissima.de\/en\/#website","url":"https:\/\/dorissima.de\/en\/","name":"Dorissima","description":"Touch - Feel - Live","publisher":{"@id":"https:\/\/dorissima.de\/en\/#organization"},"potentialAction":[{"@type":"SearchAction","target":{"@type":"EntryPoint","urlTemplate":"https:\/\/dorissima.de\/en\/?s={search_term_string}"},"query-input":{"@type":"PropertyValueSpecification","valueRequired":true,"valueName":"search_term_string"}}],"inLanguage":"en-US"},{"@type":"Organization","@id":"https:\/\/dorissima.de\/en\/#organization","name":"Dorissima - Brugger Handels- und Consulting KG","url":"https:\/\/dorissima.de\/en\/","logo":{"@type":"ImageObject","inLanguage":"en-US","@id":"https:\/\/dorissima.de\/en\/#\/schema\/logo\/image\/","url":"https:\/\/dorissima.de\/wp-content\/uploads\/2020\/11\/dorissima_handwritten.png","contentUrl":"https:\/\/dorissima.de\/wp-content\/uploads\/2020\/11\/dorissima_handwritten.png","width":400,"height":103,"caption":"Dorissima - Brugger Handels- und Consulting KG"},"image":{"@id":"https:\/\/dorissima.de\/en\/#\/schema\/logo\/image\/"},"sameAs":["https:\/\/www.facebook.com\/www.dorissima.de","https:\/\/www.instagram.com\/dorissima.spirit"]}]}},"_links":{"self":[{"href":"https:\/\/dorissima.de\/en\/wp-json\/wp\/v2\/product\/7987","targetHints":{"allow":["GET"]}}],"collection":[{"href":"https:\/\/dorissima.de\/en\/wp-json\/wp\/v2\/product"}],"about":[{"href":"https:\/\/dorissima.de\/en\/wp-json\/wp\/v2\/types\/product"}],"replies":[{"embeddable":true,"href":"https:\/\/dorissima.de\/en\/wp-json\/wp\/v2\/comments?post=7987"}],"wp:featuredmedia":[{"embeddable":true,"href":"https:\/\/dorissima.de\/en\/wp-json\/wp\/v2\/media\/5700"}],"wp:attachment":[{"href":"https:\/\/dorissima.de\/en\/wp-json\/wp\/v2\/media?parent=7987"}],"wp:term":[{"taxonomy":"product_brand","embeddable":true,"href":"https:\/\/dorissima.de\/en\/wp-json\/wp\/v2\/product_brand?post=7987"},{"taxonomy":"product_cat","embeddable":true,"href":"https:\/\/dorissima.de\/en\/wp-json\/wp\/v2\/product_cat?post=7987"},{"taxonomy":"product_tag","embeddable":true,"href":"https:\/\/dorissima.de\/en\/wp-json\/wp\/v2\/product_tag?post=7987"}],"curies":[{"name":"wp","href":"https:\/\/api.w.org\/{rel}","templated":true}]}}