{"id":8282,"date":"2021-07-07T09:08:32","date_gmt":"2021-07-07T09:08:32","guid":{"rendered":"https:\/\/dorissima.de\/shop\/uncategorized\/8282\/"},"modified":"2021-07-14T10:54:31","modified_gmt":"2021-07-14T10:54:31","slug":"lavendel-kokosnusspatchouli-limette240-ml-kopie","status":"publish","type":"product","link":"https:\/\/dorissima.de\/en\/shop\/unsere-empfehlungen-en\/dr-bronners-en\/bio-body-lotion-en\/lavendel-kokosnusspatchouli-limette240-ml-kopie\/","title":{"rendered":"LAVENDEL-KOKOSNUSS<br>PATCHOULI-LIMETTE<br>240 ml"},"content":{"rendered":"<p>Zertifiziert nach National Organic Standards basieren unsere Lotionen auf reinen biologischen Pflanzen\u00f6len, frei von petrochemisch ver\u00e4nderten Zutaten und Konservierungsstoffen. Das Jojoba\u00f6l spendet der Haut besonders gut Feuchtigkeit aufgrund der \u00c4hnlichkeit mit den hauteigenen Fetten. Kokos\u00f6l unterst\u00fctzt die Aufnahme der Lotion, w\u00e4hrend das Hanf\u00f6l und das Avocado\u00f6l der Haut Gl\u00e4tte und Geschmeidigkeit verleihen. F\u00fcr den Duft werden nur die feinsten biologischen \u00e4therischen \u00d6le verwendet. Auch die K\u00f6rperlotionen von Dr. Bronner\u2019s bestehen aus fair gehandelten Rohstoffen, die regelm\u00e4\u00dfig durch das angesehene Schweizer Zertifizierungsunternehmen IMO \u00fcberpr\u00fcft werden. Mit Dr. Bronner\u2019s kannst Du jeden Tag dazu beitragen, die Welt ein kleines St\u00fcckchen besser zu machen. \u201cWe are All-One or None\u201c.<\/p>\n<p>ZERTIFIKATE:<br \/>\nNatrue, Naturkosmetik BDIH, fair for life, Vegan, Leaping Bunny, USDA Organic, World Fair Trade Organization, Non GMO Projekt<\/p>\n","protected":false},"excerpt":{"rendered":"<p>Kaum ein anderer Duft symbolisiert so gut Dr. Bronner\u00b4s Wurzeln in der amerikanischen Hippie-Bewegung- die Zeit der Bewusstwerdung unserer Verantwortung gegen\u00fcber anderen und der Umwelt. Umso mehr freuen wir uns, dass dieser selbstbewusste und maskuline Duft heute wieder verst\u00e4rkt nachgefragt wird. F\u00fcr unsere K\u00f6rperlotion haben wir ihm mit der Limette einen erfrischenden Partner zur Seite gestellt, durch den das Ergebnis an Schwere verliert und in einem ausbalancierten und \u00fcberzeugenden Duft m\u00fcndet. Patchouli 2.0 quasi.<br \/>\nDurch eine Komposition biologischer Kokos-, Jojoba-, Avocado und Hanf\u00f6len mit mildem \u00e4therischen Bio-Patchouli- und Bio-Limetten\u00f6l verleiht diese besondere K\u00f6rperlotion der Haut au\u00dfergew\u00f6hnlich viel Feuchtigkeit und h\u00e4lt sie wunderbar weich. Die leichte und dennoch reichhaltige Lotion zieht schnell ein ohne zu fetten.<\/p>\n","protected":false},"featured_media":8175,"comment_status":"open","ping_status":"closed","template":"","meta":[],"product_brand":[],"product_cat":[390,343],"product_tag":[],"class_list":{"0":"post-8282","1":"product","2":"type-product","3":"status-publish","4":"has-post-thumbnail","6":"product_cat-bio-body-lotion-en","7":"product_cat-dr-bronners-en","9":"first","10":"instock","11":"taxable","12":"shipping-taxable","13":"purchasable","14":"product-type-simple"},"yoast_head":"<!-- This site is optimized with the Yoast SEO plugin v27.4 - https:\/\/yoast.com\/product\/yoast-seo-wordpress\/ -->\n<title>LAVENDEL-KOKOSNUSSPATCHOULI-LIMETTE240 ml - Dorissima<\/title>\n<meta name=\"robots\" content=\"index, follow, max-snippet:-1, max-image-preview:large, max-video-preview:-1\" \/>\n<link rel=\"canonical\" href=\"https:\/\/dorissima.de\/en\/shop\/unsere-empfehlungen-en\/dr-bronners-en\/bio-body-lotion-en\/lavendel-kokosnusspatchouli-limette240-ml-kopie\/\" \/>\n<meta property=\"og:locale\" content=\"en_US\" \/>\n<meta property=\"og:type\" content=\"article\" \/>\n<meta property=\"og:title\" content=\"LAVENDEL-KOKOSNUSSPATCHOULI-LIMETTE240 ml - Dorissima\" \/>\n<meta property=\"og:description\" content=\"Kaum ein anderer Duft symbolisiert so gut Dr. Bronner\u00b4s Wurzeln in der amerikanischen Hippie-Bewegung- die Zeit der Bewusstwerdung unserer Verantwortung gegen\u00fcber anderen und der Umwelt. Umso mehr freuen wir uns, dass dieser selbstbewusste und maskuline Duft heute wieder verst\u00e4rkt nachgefragt wird. F\u00fcr unsere K\u00f6rperlotion haben wir ihm mit der Limette einen erfrischenden Partner zur Seite gestellt, durch den das Ergebnis an Schwere verliert und in einem ausbalancierten und \u00fcberzeugenden Duft m\u00fcndet. Patchouli 2.0 quasi. Durch eine Komposition biologischer Kokos-, Jojoba-, Avocado und Hanf\u00f6len mit mildem \u00e4therischen Bio-Patchouli- und Bio-Limetten\u00f6l verleiht diese besondere K\u00f6rperlotion der Haut au\u00dfergew\u00f6hnlich viel Feuchtigkeit und h\u00e4lt sie wunderbar weich. Die leichte und dennoch reichhaltige Lotion zieht schnell ein ohne zu fetten.\" \/>\n<meta property=\"og:url\" content=\"https:\/\/dorissima.de\/en\/shop\/unsere-empfehlungen-en\/dr-bronners-en\/bio-body-lotion-en\/lavendel-kokosnusspatchouli-limette240-ml-kopie\/\" \/>\n<meta property=\"og:site_name\" content=\"Dorissima\" \/>\n<meta property=\"article:publisher\" content=\"https:\/\/www.facebook.com\/www.dorissima.de\" \/>\n<meta property=\"article:modified_time\" content=\"2021-07-14T10:54:31+00:00\" \/>\n<meta property=\"og:image\" content=\"https:\/\/dorissima.de\/wp-content\/uploads\/2021\/07\/bronnerpatchulli.jpg\" \/>\n\t<meta property=\"og:image:width\" content=\"1000\" \/>\n\t<meta property=\"og:image:height\" content=\"1000\" \/>\n\t<meta property=\"og:image:type\" content=\"image\/jpeg\" \/>\n<meta name=\"twitter:card\" content=\"summary_large_image\" \/>\n<meta name=\"twitter:label1\" content=\"Est. reading time\" \/>\n\t<meta name=\"twitter:data1\" content=\"1 minute\" \/>\n<script type=\"application\/ld+json\" class=\"yoast-schema-graph\">{\"@context\":\"https:\\\/\\\/schema.org\",\"@graph\":[{\"@type\":\"WebPage\",\"@id\":\"https:\\\/\\\/dorissima.de\\\/en\\\/shop\\\/unsere-empfehlungen-en\\\/dr-bronners-en\\\/bio-body-lotion-en\\\/lavendel-kokosnusspatchouli-limette240-ml-kopie\\\/\",\"url\":\"https:\\\/\\\/dorissima.de\\\/en\\\/shop\\\/unsere-empfehlungen-en\\\/dr-bronners-en\\\/bio-body-lotion-en\\\/lavendel-kokosnusspatchouli-limette240-ml-kopie\\\/\",\"name\":\"LAVENDEL-KOKOSNUSS PATCHOULI-LIMETTE 240 ml - Dorissima\",\"isPartOf\":{\"@id\":\"https:\\\/\\\/dorissima.de\\\/en\\\/#website\"},\"primaryImageOfPage\":{\"@id\":\"https:\\\/\\\/dorissima.de\\\/en\\\/shop\\\/unsere-empfehlungen-en\\\/dr-bronners-en\\\/bio-body-lotion-en\\\/lavendel-kokosnusspatchouli-limette240-ml-kopie\\\/#primaryimage\"},\"image\":{\"@id\":\"https:\\\/\\\/dorissima.de\\\/en\\\/shop\\\/unsere-empfehlungen-en\\\/dr-bronners-en\\\/bio-body-lotion-en\\\/lavendel-kokosnusspatchouli-limette240-ml-kopie\\\/#primaryimage\"},\"thumbnailUrl\":\"https:\\\/\\\/dorissima.de\\\/wp-content\\\/uploads\\\/2021\\\/07\\\/bronnerpatchulli.jpg\",\"datePublished\":\"2021-07-07T09:08:32+00:00\",\"dateModified\":\"2021-07-14T10:54:31+00:00\",\"breadcrumb\":{\"@id\":\"https:\\\/\\\/dorissima.de\\\/en\\\/shop\\\/unsere-empfehlungen-en\\\/dr-bronners-en\\\/bio-body-lotion-en\\\/lavendel-kokosnusspatchouli-limette240-ml-kopie\\\/#breadcrumb\"},\"inLanguage\":\"en-US\",\"potentialAction\":[{\"@type\":\"ReadAction\",\"target\":[\"https:\\\/\\\/dorissima.de\\\/en\\\/shop\\\/unsere-empfehlungen-en\\\/dr-bronners-en\\\/bio-body-lotion-en\\\/lavendel-kokosnusspatchouli-limette240-ml-kopie\\\/\"]}]},{\"@type\":\"ImageObject\",\"inLanguage\":\"en-US\",\"@id\":\"https:\\\/\\\/dorissima.de\\\/en\\\/shop\\\/unsere-empfehlungen-en\\\/dr-bronners-en\\\/bio-body-lotion-en\\\/lavendel-kokosnusspatchouli-limette240-ml-kopie\\\/#primaryimage\",\"url\":\"https:\\\/\\\/dorissima.de\\\/wp-content\\\/uploads\\\/2021\\\/07\\\/bronnerpatchulli.jpg\",\"contentUrl\":\"https:\\\/\\\/dorissima.de\\\/wp-content\\\/uploads\\\/2021\\\/07\\\/bronnerpatchulli.jpg\",\"width\":1000,\"height\":1000},{\"@type\":\"BreadcrumbList\",\"@id\":\"https:\\\/\\\/dorissima.de\\\/en\\\/shop\\\/unsere-empfehlungen-en\\\/dr-bronners-en\\\/bio-body-lotion-en\\\/lavendel-kokosnusspatchouli-limette240-ml-kopie\\\/#breadcrumb\",\"itemListElement\":[{\"@type\":\"ListItem\",\"position\":1,\"name\":\"Startseite\",\"item\":\"https:\\\/\\\/dorissima.de\\\/en\\\/\"},{\"@type\":\"ListItem\",\"position\":2,\"name\":\"Shop\",\"item\":\"https:\\\/\\\/dorissima.de\\\/en\\\/shop\\\/\"},{\"@type\":\"ListItem\",\"position\":3,\"name\":\"LAVENDEL-KOKOSNUSSPATCHOULI-LIMETTE240 ml\"}]},{\"@type\":\"WebSite\",\"@id\":\"https:\\\/\\\/dorissima.de\\\/en\\\/#website\",\"url\":\"https:\\\/\\\/dorissima.de\\\/en\\\/\",\"name\":\"Dorissima\",\"description\":\"Touch - Feel - Live\",\"publisher\":{\"@id\":\"https:\\\/\\\/dorissima.de\\\/en\\\/#organization\"},\"potentialAction\":[{\"@type\":\"SearchAction\",\"target\":{\"@type\":\"EntryPoint\",\"urlTemplate\":\"https:\\\/\\\/dorissima.de\\\/en\\\/?s={search_term_string}\"},\"query-input\":{\"@type\":\"PropertyValueSpecification\",\"valueRequired\":true,\"valueName\":\"search_term_string\"}}],\"inLanguage\":\"en-US\"},{\"@type\":\"Organization\",\"@id\":\"https:\\\/\\\/dorissima.de\\\/en\\\/#organization\",\"name\":\"Dorissima - Brugger Handels- und Consulting KG\",\"url\":\"https:\\\/\\\/dorissima.de\\\/en\\\/\",\"logo\":{\"@type\":\"ImageObject\",\"inLanguage\":\"en-US\",\"@id\":\"https:\\\/\\\/dorissima.de\\\/en\\\/#\\\/schema\\\/logo\\\/image\\\/\",\"url\":\"https:\\\/\\\/dorissima.de\\\/wp-content\\\/uploads\\\/2020\\\/11\\\/dorissima_handwritten.png\",\"contentUrl\":\"https:\\\/\\\/dorissima.de\\\/wp-content\\\/uploads\\\/2020\\\/11\\\/dorissima_handwritten.png\",\"width\":400,\"height\":103,\"caption\":\"Dorissima - Brugger Handels- und Consulting KG\"},\"image\":{\"@id\":\"https:\\\/\\\/dorissima.de\\\/en\\\/#\\\/schema\\\/logo\\\/image\\\/\"},\"sameAs\":[\"https:\\\/\\\/www.facebook.com\\\/www.dorissima.de\",\"https:\\\/\\\/www.instagram.com\\\/dorissima.spirit\"]}]}<\/script>\n<!-- \/ Yoast SEO plugin. -->","yoast_head_json":{"title":"LAVENDEL-KOKOSNUSSPATCHOULI-LIMETTE240 ml - Dorissima","robots":{"index":"index","follow":"follow","max-snippet":"max-snippet:-1","max-image-preview":"max-image-preview:large","max-video-preview":"max-video-preview:-1"},"canonical":"https:\/\/dorissima.de\/en\/shop\/unsere-empfehlungen-en\/dr-bronners-en\/bio-body-lotion-en\/lavendel-kokosnusspatchouli-limette240-ml-kopie\/","og_locale":"en_US","og_type":"article","og_title":"LAVENDEL-KOKOSNUSSPATCHOULI-LIMETTE240 ml - Dorissima","og_description":"Kaum ein anderer Duft symbolisiert so gut Dr. Bronner\u00b4s Wurzeln in der amerikanischen Hippie-Bewegung- die Zeit der Bewusstwerdung unserer Verantwortung gegen\u00fcber anderen und der Umwelt. Umso mehr freuen wir uns, dass dieser selbstbewusste und maskuline Duft heute wieder verst\u00e4rkt nachgefragt wird. F\u00fcr unsere K\u00f6rperlotion haben wir ihm mit der Limette einen erfrischenden Partner zur Seite gestellt, durch den das Ergebnis an Schwere verliert und in einem ausbalancierten und \u00fcberzeugenden Duft m\u00fcndet. Patchouli 2.0 quasi. Durch eine Komposition biologischer Kokos-, Jojoba-, Avocado und Hanf\u00f6len mit mildem \u00e4therischen Bio-Patchouli- und Bio-Limetten\u00f6l verleiht diese besondere K\u00f6rperlotion der Haut au\u00dfergew\u00f6hnlich viel Feuchtigkeit und h\u00e4lt sie wunderbar weich. Die leichte und dennoch reichhaltige Lotion zieht schnell ein ohne zu fetten.","og_url":"https:\/\/dorissima.de\/en\/shop\/unsere-empfehlungen-en\/dr-bronners-en\/bio-body-lotion-en\/lavendel-kokosnusspatchouli-limette240-ml-kopie\/","og_site_name":"Dorissima","article_publisher":"https:\/\/www.facebook.com\/www.dorissima.de","article_modified_time":"2021-07-14T10:54:31+00:00","og_image":[{"width":1000,"height":1000,"url":"https:\/\/dorissima.de\/wp-content\/uploads\/2021\/07\/bronnerpatchulli.jpg","type":"image\/jpeg"}],"twitter_card":"summary_large_image","twitter_misc":{"Est. reading time":"1 minute"},"schema":{"@context":"https:\/\/schema.org","@graph":[{"@type":"WebPage","@id":"https:\/\/dorissima.de\/en\/shop\/unsere-empfehlungen-en\/dr-bronners-en\/bio-body-lotion-en\/lavendel-kokosnusspatchouli-limette240-ml-kopie\/","url":"https:\/\/dorissima.de\/en\/shop\/unsere-empfehlungen-en\/dr-bronners-en\/bio-body-lotion-en\/lavendel-kokosnusspatchouli-limette240-ml-kopie\/","name":"LAVENDEL-KOKOSNUSS PATCHOULI-LIMETTE 240 ml - Dorissima","isPartOf":{"@id":"https:\/\/dorissima.de\/en\/#website"},"primaryImageOfPage":{"@id":"https:\/\/dorissima.de\/en\/shop\/unsere-empfehlungen-en\/dr-bronners-en\/bio-body-lotion-en\/lavendel-kokosnusspatchouli-limette240-ml-kopie\/#primaryimage"},"image":{"@id":"https:\/\/dorissima.de\/en\/shop\/unsere-empfehlungen-en\/dr-bronners-en\/bio-body-lotion-en\/lavendel-kokosnusspatchouli-limette240-ml-kopie\/#primaryimage"},"thumbnailUrl":"https:\/\/dorissima.de\/wp-content\/uploads\/2021\/07\/bronnerpatchulli.jpg","datePublished":"2021-07-07T09:08:32+00:00","dateModified":"2021-07-14T10:54:31+00:00","breadcrumb":{"@id":"https:\/\/dorissima.de\/en\/shop\/unsere-empfehlungen-en\/dr-bronners-en\/bio-body-lotion-en\/lavendel-kokosnusspatchouli-limette240-ml-kopie\/#breadcrumb"},"inLanguage":"en-US","potentialAction":[{"@type":"ReadAction","target":["https:\/\/dorissima.de\/en\/shop\/unsere-empfehlungen-en\/dr-bronners-en\/bio-body-lotion-en\/lavendel-kokosnusspatchouli-limette240-ml-kopie\/"]}]},{"@type":"ImageObject","inLanguage":"en-US","@id":"https:\/\/dorissima.de\/en\/shop\/unsere-empfehlungen-en\/dr-bronners-en\/bio-body-lotion-en\/lavendel-kokosnusspatchouli-limette240-ml-kopie\/#primaryimage","url":"https:\/\/dorissima.de\/wp-content\/uploads\/2021\/07\/bronnerpatchulli.jpg","contentUrl":"https:\/\/dorissima.de\/wp-content\/uploads\/2021\/07\/bronnerpatchulli.jpg","width":1000,"height":1000},{"@type":"BreadcrumbList","@id":"https:\/\/dorissima.de\/en\/shop\/unsere-empfehlungen-en\/dr-bronners-en\/bio-body-lotion-en\/lavendel-kokosnusspatchouli-limette240-ml-kopie\/#breadcrumb","itemListElement":[{"@type":"ListItem","position":1,"name":"Startseite","item":"https:\/\/dorissima.de\/en\/"},{"@type":"ListItem","position":2,"name":"Shop","item":"https:\/\/dorissima.de\/en\/shop\/"},{"@type":"ListItem","position":3,"name":"LAVENDEL-KOKOSNUSSPATCHOULI-LIMETTE240 ml"}]},{"@type":"WebSite","@id":"https:\/\/dorissima.de\/en\/#website","url":"https:\/\/dorissima.de\/en\/","name":"Dorissima","description":"Touch - Feel - Live","publisher":{"@id":"https:\/\/dorissima.de\/en\/#organization"},"potentialAction":[{"@type":"SearchAction","target":{"@type":"EntryPoint","urlTemplate":"https:\/\/dorissima.de\/en\/?s={search_term_string}"},"query-input":{"@type":"PropertyValueSpecification","valueRequired":true,"valueName":"search_term_string"}}],"inLanguage":"en-US"},{"@type":"Organization","@id":"https:\/\/dorissima.de\/en\/#organization","name":"Dorissima - Brugger Handels- und Consulting KG","url":"https:\/\/dorissima.de\/en\/","logo":{"@type":"ImageObject","inLanguage":"en-US","@id":"https:\/\/dorissima.de\/en\/#\/schema\/logo\/image\/","url":"https:\/\/dorissima.de\/wp-content\/uploads\/2020\/11\/dorissima_handwritten.png","contentUrl":"https:\/\/dorissima.de\/wp-content\/uploads\/2020\/11\/dorissima_handwritten.png","width":400,"height":103,"caption":"Dorissima - Brugger Handels- und Consulting KG"},"image":{"@id":"https:\/\/dorissima.de\/en\/#\/schema\/logo\/image\/"},"sameAs":["https:\/\/www.facebook.com\/www.dorissima.de","https:\/\/www.instagram.com\/dorissima.spirit"]}]}},"_links":{"self":[{"href":"https:\/\/dorissima.de\/en\/wp-json\/wp\/v2\/product\/8282","targetHints":{"allow":["GET"]}}],"collection":[{"href":"https:\/\/dorissima.de\/en\/wp-json\/wp\/v2\/product"}],"about":[{"href":"https:\/\/dorissima.de\/en\/wp-json\/wp\/v2\/types\/product"}],"replies":[{"embeddable":true,"href":"https:\/\/dorissima.de\/en\/wp-json\/wp\/v2\/comments?post=8282"}],"wp:featuredmedia":[{"embeddable":true,"href":"https:\/\/dorissima.de\/en\/wp-json\/wp\/v2\/media\/8175"}],"wp:attachment":[{"href":"https:\/\/dorissima.de\/en\/wp-json\/wp\/v2\/media?parent=8282"}],"wp:term":[{"taxonomy":"product_brand","embeddable":true,"href":"https:\/\/dorissima.de\/en\/wp-json\/wp\/v2\/product_brand?post=8282"},{"taxonomy":"product_cat","embeddable":true,"href":"https:\/\/dorissima.de\/en\/wp-json\/wp\/v2\/product_cat?post=8282"},{"taxonomy":"product_tag","embeddable":true,"href":"https:\/\/dorissima.de\/en\/wp-json\/wp\/v2\/product_tag?post=8282"}],"curies":[{"name":"wp","href":"https:\/\/api.w.org\/{rel}","templated":true}]}}