{"id":8295,"date":"2021-05-19T08:42:35","date_gmt":"2021-05-19T08:42:35","guid":{"rendered":"https:\/\/dorissima.de\/shop\/uncategorized\/pure-d7pure-castile-bar140-g\/"},"modified":"2021-07-14T12:55:30","modified_gmt":"2021-07-14T12:55:30","slug":"pure-d7pure-castile-bar140-g","status":"publish","type":"product","link":"https:\/\/dorissima.de\/en\/shop\/unsere-empfehlungen-en\/dr-bronners-en\/naturseife-fest-en\/pure-d7pure-castile-bar140-g\/","title":{"rendered":"PURE d<sup>7<\/sup><br>PURE CASTILE BAR<br>140 g"},"content":{"rendered":"","protected":false},"excerpt":{"rendered":"<p style=\"padding-bottom: 3%;\">Weich wie ein Baby-Popo!<\/p>\n<p>F\u00fcr die Sensibilit\u00e4t von Babyhaut entwickelt ist diese Seife ein treuer Begleiter f\u00fcr alle, deren Haut besondere F\u00fcrsorge ben\u00f6tigt. Daf\u00fcr haben wir auf die Zugabe \u00e4therischer \u00d6le als Duftstoff verzichtet und unserer \u00fcblichen Komposition aus biologischen Kokos-, Oliven-, Palm-, Hanf- und Jojoba\u00f6len einen besonders hohen Anteil an reinem Bio-Oliven\u00f6l hinzugegeben. Somit ist die Baby-Mild Naturseife ideal f\u00fcr Menschen mit Allergien und besonders empfindlicher Haut. Dadurch, dass keinerlei chemische Zus\u00e4tze verwenden, darf unsere reine Seife nicht in die Augen gelangen.<\/p>\n","protected":false},"featured_media":5686,"comment_status":"open","ping_status":"closed","template":"","meta":[],"product_brand":[],"product_cat":[343,393],"product_tag":[],"class_list":{"0":"post-8295","1":"product","2":"type-product","3":"status-publish","4":"has-post-thumbnail","6":"product_cat-dr-bronners-en","7":"product_cat-naturseife-fest-en","9":"first","10":"instock","11":"taxable","12":"shipping-taxable","13":"purchasable","14":"product-type-simple"},"yoast_head":"<!-- This site is optimized with the Yoast SEO plugin v27.4 - https:\/\/yoast.com\/product\/yoast-seo-wordpress\/ -->\n<title>PURE d7PURE CASTILE BAR140 g - Dorissima<\/title>\n<meta name=\"robots\" content=\"index, follow, max-snippet:-1, max-image-preview:large, max-video-preview:-1\" \/>\n<link rel=\"canonical\" href=\"https:\/\/dorissima.de\/en\/shop\/unsere-empfehlungen-en\/dr-bronners-en\/naturseife-fest-en\/pure-d7pure-castile-bar140-g\/\" \/>\n<meta property=\"og:locale\" content=\"en_US\" \/>\n<meta property=\"og:type\" content=\"article\" \/>\n<meta property=\"og:title\" content=\"PURE d7PURE CASTILE BAR140 g - Dorissima\" \/>\n<meta property=\"og:description\" content=\"Weich wie ein Baby-Popo! F\u00fcr die Sensibilit\u00e4t von Babyhaut entwickelt ist diese Seife ein treuer Begleiter f\u00fcr alle, deren Haut besondere F\u00fcrsorge ben\u00f6tigt. Daf\u00fcr haben wir auf die Zugabe \u00e4therischer \u00d6le als Duftstoff verzichtet und unserer \u00fcblichen Komposition aus biologischen Kokos-, Oliven-, Palm-, Hanf- und Jojoba\u00f6len einen besonders hohen Anteil an reinem Bio-Oliven\u00f6l hinzugegeben. Somit ist die Baby-Mild Naturseife ideal f\u00fcr Menschen mit Allergien und besonders empfindlicher Haut. Dadurch, dass keinerlei chemische Zus\u00e4tze verwenden, darf unsere reine Seife nicht in die Augen gelangen.\" \/>\n<meta property=\"og:url\" content=\"https:\/\/dorissima.de\/en\/shop\/unsere-empfehlungen-en\/dr-bronners-en\/naturseife-fest-en\/pure-d7pure-castile-bar140-g\/\" \/>\n<meta property=\"og:site_name\" content=\"Dorissima\" \/>\n<meta property=\"article:publisher\" content=\"https:\/\/www.facebook.com\/www.dorissima.de\" \/>\n<meta property=\"article:modified_time\" content=\"2021-07-14T12:55:30+00:00\" \/>\n<meta property=\"og:image\" content=\"https:\/\/dorissima.de\/wp-content\/uploads\/2020\/10\/de-bar_soap-5oz-babyunscented_800x1200.jpg\" \/>\n\t<meta property=\"og:image:width\" content=\"400\" \/>\n\t<meta property=\"og:image:height\" content=\"272\" \/>\n\t<meta property=\"og:image:type\" content=\"image\/jpeg\" \/>\n<meta name=\"twitter:card\" content=\"summary_large_image\" \/>\n<script type=\"application\/ld+json\" class=\"yoast-schema-graph\">{\"@context\":\"https:\\\/\\\/schema.org\",\"@graph\":[{\"@type\":\"WebPage\",\"@id\":\"https:\\\/\\\/dorissima.de\\\/en\\\/shop\\\/unsere-empfehlungen-en\\\/dr-bronners-en\\\/naturseife-fest-en\\\/pure-d7pure-castile-bar140-g\\\/\",\"url\":\"https:\\\/\\\/dorissima.de\\\/en\\\/shop\\\/unsere-empfehlungen-en\\\/dr-bronners-en\\\/naturseife-fest-en\\\/pure-d7pure-castile-bar140-g\\\/\",\"name\":\"PURE d7 PURE CASTILE BAR 140 g - Dorissima\",\"isPartOf\":{\"@id\":\"https:\\\/\\\/dorissima.de\\\/en\\\/#website\"},\"primaryImageOfPage\":{\"@id\":\"https:\\\/\\\/dorissima.de\\\/en\\\/shop\\\/unsere-empfehlungen-en\\\/dr-bronners-en\\\/naturseife-fest-en\\\/pure-d7pure-castile-bar140-g\\\/#primaryimage\"},\"image\":{\"@id\":\"https:\\\/\\\/dorissima.de\\\/en\\\/shop\\\/unsere-empfehlungen-en\\\/dr-bronners-en\\\/naturseife-fest-en\\\/pure-d7pure-castile-bar140-g\\\/#primaryimage\"},\"thumbnailUrl\":\"https:\\\/\\\/dorissima.de\\\/wp-content\\\/uploads\\\/2020\\\/10\\\/de-bar_soap-5oz-babyunscented_800x1200.jpg\",\"datePublished\":\"2021-05-19T08:42:35+00:00\",\"dateModified\":\"2021-07-14T12:55:30+00:00\",\"breadcrumb\":{\"@id\":\"https:\\\/\\\/dorissima.de\\\/en\\\/shop\\\/unsere-empfehlungen-en\\\/dr-bronners-en\\\/naturseife-fest-en\\\/pure-d7pure-castile-bar140-g\\\/#breadcrumb\"},\"inLanguage\":\"en-US\",\"potentialAction\":[{\"@type\":\"ReadAction\",\"target\":[\"https:\\\/\\\/dorissima.de\\\/en\\\/shop\\\/unsere-empfehlungen-en\\\/dr-bronners-en\\\/naturseife-fest-en\\\/pure-d7pure-castile-bar140-g\\\/\"]}]},{\"@type\":\"ImageObject\",\"inLanguage\":\"en-US\",\"@id\":\"https:\\\/\\\/dorissima.de\\\/en\\\/shop\\\/unsere-empfehlungen-en\\\/dr-bronners-en\\\/naturseife-fest-en\\\/pure-d7pure-castile-bar140-g\\\/#primaryimage\",\"url\":\"https:\\\/\\\/dorissima.de\\\/wp-content\\\/uploads\\\/2020\\\/10\\\/de-bar_soap-5oz-babyunscented_800x1200.jpg\",\"contentUrl\":\"https:\\\/\\\/dorissima.de\\\/wp-content\\\/uploads\\\/2020\\\/10\\\/de-bar_soap-5oz-babyunscented_800x1200.jpg\",\"width\":400,\"height\":272},{\"@type\":\"BreadcrumbList\",\"@id\":\"https:\\\/\\\/dorissima.de\\\/en\\\/shop\\\/unsere-empfehlungen-en\\\/dr-bronners-en\\\/naturseife-fest-en\\\/pure-d7pure-castile-bar140-g\\\/#breadcrumb\",\"itemListElement\":[{\"@type\":\"ListItem\",\"position\":1,\"name\":\"Startseite\",\"item\":\"https:\\\/\\\/dorissima.de\\\/en\\\/\"},{\"@type\":\"ListItem\",\"position\":2,\"name\":\"Shop\",\"item\":\"https:\\\/\\\/dorissima.de\\\/en\\\/shop\\\/\"},{\"@type\":\"ListItem\",\"position\":3,\"name\":\"PURE d7PURE CASTILE BAR140 g\"}]},{\"@type\":\"WebSite\",\"@id\":\"https:\\\/\\\/dorissima.de\\\/en\\\/#website\",\"url\":\"https:\\\/\\\/dorissima.de\\\/en\\\/\",\"name\":\"Dorissima\",\"description\":\"Touch - Feel - Live\",\"publisher\":{\"@id\":\"https:\\\/\\\/dorissima.de\\\/en\\\/#organization\"},\"potentialAction\":[{\"@type\":\"SearchAction\",\"target\":{\"@type\":\"EntryPoint\",\"urlTemplate\":\"https:\\\/\\\/dorissima.de\\\/en\\\/?s={search_term_string}\"},\"query-input\":{\"@type\":\"PropertyValueSpecification\",\"valueRequired\":true,\"valueName\":\"search_term_string\"}}],\"inLanguage\":\"en-US\"},{\"@type\":\"Organization\",\"@id\":\"https:\\\/\\\/dorissima.de\\\/en\\\/#organization\",\"name\":\"Dorissima - Brugger Handels- und Consulting KG\",\"url\":\"https:\\\/\\\/dorissima.de\\\/en\\\/\",\"logo\":{\"@type\":\"ImageObject\",\"inLanguage\":\"en-US\",\"@id\":\"https:\\\/\\\/dorissima.de\\\/en\\\/#\\\/schema\\\/logo\\\/image\\\/\",\"url\":\"https:\\\/\\\/dorissima.de\\\/wp-content\\\/uploads\\\/2020\\\/11\\\/dorissima_handwritten.png\",\"contentUrl\":\"https:\\\/\\\/dorissima.de\\\/wp-content\\\/uploads\\\/2020\\\/11\\\/dorissima_handwritten.png\",\"width\":400,\"height\":103,\"caption\":\"Dorissima - Brugger Handels- und Consulting KG\"},\"image\":{\"@id\":\"https:\\\/\\\/dorissima.de\\\/en\\\/#\\\/schema\\\/logo\\\/image\\\/\"},\"sameAs\":[\"https:\\\/\\\/www.facebook.com\\\/www.dorissima.de\",\"https:\\\/\\\/www.instagram.com\\\/dorissima.spirit\"]}]}<\/script>\n<!-- \/ Yoast SEO plugin. -->","yoast_head_json":{"title":"PURE d7PURE CASTILE BAR140 g - Dorissima","robots":{"index":"index","follow":"follow","max-snippet":"max-snippet:-1","max-image-preview":"max-image-preview:large","max-video-preview":"max-video-preview:-1"},"canonical":"https:\/\/dorissima.de\/en\/shop\/unsere-empfehlungen-en\/dr-bronners-en\/naturseife-fest-en\/pure-d7pure-castile-bar140-g\/","og_locale":"en_US","og_type":"article","og_title":"PURE d7PURE CASTILE BAR140 g - Dorissima","og_description":"Weich wie ein Baby-Popo! F\u00fcr die Sensibilit\u00e4t von Babyhaut entwickelt ist diese Seife ein treuer Begleiter f\u00fcr alle, deren Haut besondere F\u00fcrsorge ben\u00f6tigt. Daf\u00fcr haben wir auf die Zugabe \u00e4therischer \u00d6le als Duftstoff verzichtet und unserer \u00fcblichen Komposition aus biologischen Kokos-, Oliven-, Palm-, Hanf- und Jojoba\u00f6len einen besonders hohen Anteil an reinem Bio-Oliven\u00f6l hinzugegeben. Somit ist die Baby-Mild Naturseife ideal f\u00fcr Menschen mit Allergien und besonders empfindlicher Haut. Dadurch, dass keinerlei chemische Zus\u00e4tze verwenden, darf unsere reine Seife nicht in die Augen gelangen.","og_url":"https:\/\/dorissima.de\/en\/shop\/unsere-empfehlungen-en\/dr-bronners-en\/naturseife-fest-en\/pure-d7pure-castile-bar140-g\/","og_site_name":"Dorissima","article_publisher":"https:\/\/www.facebook.com\/www.dorissima.de","article_modified_time":"2021-07-14T12:55:30+00:00","og_image":[{"width":400,"height":272,"url":"https:\/\/dorissima.de\/wp-content\/uploads\/2020\/10\/de-bar_soap-5oz-babyunscented_800x1200.jpg","type":"image\/jpeg"}],"twitter_card":"summary_large_image","schema":{"@context":"https:\/\/schema.org","@graph":[{"@type":"WebPage","@id":"https:\/\/dorissima.de\/en\/shop\/unsere-empfehlungen-en\/dr-bronners-en\/naturseife-fest-en\/pure-d7pure-castile-bar140-g\/","url":"https:\/\/dorissima.de\/en\/shop\/unsere-empfehlungen-en\/dr-bronners-en\/naturseife-fest-en\/pure-d7pure-castile-bar140-g\/","name":"PURE d7 PURE CASTILE BAR 140 g - Dorissima","isPartOf":{"@id":"https:\/\/dorissima.de\/en\/#website"},"primaryImageOfPage":{"@id":"https:\/\/dorissima.de\/en\/shop\/unsere-empfehlungen-en\/dr-bronners-en\/naturseife-fest-en\/pure-d7pure-castile-bar140-g\/#primaryimage"},"image":{"@id":"https:\/\/dorissima.de\/en\/shop\/unsere-empfehlungen-en\/dr-bronners-en\/naturseife-fest-en\/pure-d7pure-castile-bar140-g\/#primaryimage"},"thumbnailUrl":"https:\/\/dorissima.de\/wp-content\/uploads\/2020\/10\/de-bar_soap-5oz-babyunscented_800x1200.jpg","datePublished":"2021-05-19T08:42:35+00:00","dateModified":"2021-07-14T12:55:30+00:00","breadcrumb":{"@id":"https:\/\/dorissima.de\/en\/shop\/unsere-empfehlungen-en\/dr-bronners-en\/naturseife-fest-en\/pure-d7pure-castile-bar140-g\/#breadcrumb"},"inLanguage":"en-US","potentialAction":[{"@type":"ReadAction","target":["https:\/\/dorissima.de\/en\/shop\/unsere-empfehlungen-en\/dr-bronners-en\/naturseife-fest-en\/pure-d7pure-castile-bar140-g\/"]}]},{"@type":"ImageObject","inLanguage":"en-US","@id":"https:\/\/dorissima.de\/en\/shop\/unsere-empfehlungen-en\/dr-bronners-en\/naturseife-fest-en\/pure-d7pure-castile-bar140-g\/#primaryimage","url":"https:\/\/dorissima.de\/wp-content\/uploads\/2020\/10\/de-bar_soap-5oz-babyunscented_800x1200.jpg","contentUrl":"https:\/\/dorissima.de\/wp-content\/uploads\/2020\/10\/de-bar_soap-5oz-babyunscented_800x1200.jpg","width":400,"height":272},{"@type":"BreadcrumbList","@id":"https:\/\/dorissima.de\/en\/shop\/unsere-empfehlungen-en\/dr-bronners-en\/naturseife-fest-en\/pure-d7pure-castile-bar140-g\/#breadcrumb","itemListElement":[{"@type":"ListItem","position":1,"name":"Startseite","item":"https:\/\/dorissima.de\/en\/"},{"@type":"ListItem","position":2,"name":"Shop","item":"https:\/\/dorissima.de\/en\/shop\/"},{"@type":"ListItem","position":3,"name":"PURE d7PURE CASTILE BAR140 g"}]},{"@type":"WebSite","@id":"https:\/\/dorissima.de\/en\/#website","url":"https:\/\/dorissima.de\/en\/","name":"Dorissima","description":"Touch - Feel - Live","publisher":{"@id":"https:\/\/dorissima.de\/en\/#organization"},"potentialAction":[{"@type":"SearchAction","target":{"@type":"EntryPoint","urlTemplate":"https:\/\/dorissima.de\/en\/?s={search_term_string}"},"query-input":{"@type":"PropertyValueSpecification","valueRequired":true,"valueName":"search_term_string"}}],"inLanguage":"en-US"},{"@type":"Organization","@id":"https:\/\/dorissima.de\/en\/#organization","name":"Dorissima - Brugger Handels- und Consulting KG","url":"https:\/\/dorissima.de\/en\/","logo":{"@type":"ImageObject","inLanguage":"en-US","@id":"https:\/\/dorissima.de\/en\/#\/schema\/logo\/image\/","url":"https:\/\/dorissima.de\/wp-content\/uploads\/2020\/11\/dorissima_handwritten.png","contentUrl":"https:\/\/dorissima.de\/wp-content\/uploads\/2020\/11\/dorissima_handwritten.png","width":400,"height":103,"caption":"Dorissima - Brugger Handels- und Consulting KG"},"image":{"@id":"https:\/\/dorissima.de\/en\/#\/schema\/logo\/image\/"},"sameAs":["https:\/\/www.facebook.com\/www.dorissima.de","https:\/\/www.instagram.com\/dorissima.spirit"]}]}},"_links":{"self":[{"href":"https:\/\/dorissima.de\/en\/wp-json\/wp\/v2\/product\/8295","targetHints":{"allow":["GET"]}}],"collection":[{"href":"https:\/\/dorissima.de\/en\/wp-json\/wp\/v2\/product"}],"about":[{"href":"https:\/\/dorissima.de\/en\/wp-json\/wp\/v2\/types\/product"}],"replies":[{"embeddable":true,"href":"https:\/\/dorissima.de\/en\/wp-json\/wp\/v2\/comments?post=8295"}],"wp:featuredmedia":[{"embeddable":true,"href":"https:\/\/dorissima.de\/en\/wp-json\/wp\/v2\/media\/5686"}],"wp:attachment":[{"href":"https:\/\/dorissima.de\/en\/wp-json\/wp\/v2\/media?parent=8295"}],"wp:term":[{"taxonomy":"product_brand","embeddable":true,"href":"https:\/\/dorissima.de\/en\/wp-json\/wp\/v2\/product_brand?post=8295"},{"taxonomy":"product_cat","embeddable":true,"href":"https:\/\/dorissima.de\/en\/wp-json\/wp\/v2\/product_cat?post=8295"},{"taxonomy":"product_tag","embeddable":true,"href":"https:\/\/dorissima.de\/en\/wp-json\/wp\/v2\/product_tag?post=8295"}],"curies":[{"name":"wp","href":"https:\/\/api.w.org\/{rel}","templated":true}]}}