{"id":8297,"date":"2021-02-08T00:02:26","date_gmt":"2021-02-08T00:02:26","guid":{"rendered":"https:\/\/dorissima.de\/shop\/uncategorized\/basicsfresh-fruit-moisture-cream50-ml\/"},"modified":"2021-07-14T14:20:15","modified_gmt":"2021-07-14T14:20:15","slug":"basicsfresh-fruit-moisture-cream50-ml","status":"publish","type":"product","link":"https:\/\/dorissima.de\/en\/shop\/basics-en\/basics-en-2\/basicsfresh-fruit-moisture-cream50-ml\/","title":{"rendered":"BASICS<br>FRESH &#038; FRUIT MOISTURE CREAM<br>50 ml"},"content":{"rendered":"","protected":false},"excerpt":{"rendered":"<h3>Indikation<\/h3>\n<h4 style=\"padding-bottom: 3%;\">Feuchtigkeitscreme f\u00fcr trockene Haut und Mischhaut.<\/h4>\n[fusion_checklist icon=\"fa-asterisk fas\" iconcolor=\"\" circle=\"\" circlecolor=\"\" size=\"14px\" divider=\"\" divider_color=\"\" hide_on_mobile=\"small-visibility,medium-visibility,large-visibility\" class=\"\" id=\"\"][fusion_li_item icon=\"\"]<span style=\"color: #181b20;\"><strong>Wirkungsweise<\/strong><\/span> &#8211; Leichte Feuchtigkeitspflege mit Fruchtextrakten f\u00fcr die t\u00e4gliche Anwendung.[\/fusion_li_item][fusion_li_item icon=\"\"]<span style=\"color: #181b20;\"><strong>Wirkstoffe<\/strong><\/span> &#8211; Ananas-, Mango- und Papaya-Extrakt, Aprikosenkern\u00f6l.<\/p>\n<div>\n<div><strong>Ananas-Extrakt:<\/strong><\/div>\n<div>\u2013 milde Fruchts\u00e4uren, Vitamine und Enzyme<br \/>\n\u2013\u00a0aufgrund des hohen S\u00e4uregehaltes milder Peeling- und Emollient-Effekt<br \/>\n\u2013 wirkt erfrischend<\/div>\n<div><strong>Mango-Extrakt:<\/strong><\/div>\n<div>\u2013 Vitamine, Aminos\u00e4uren, Spurenelemente, zur Revitalisierung der Haut<\/div>\n<div>\u2013 beruhigend und pflegend, speichert Feuchtigkeit<\/div>\n<div><\/div>\n<div><strong>Papaya-Extrakt:<\/strong><\/div>\n<div>\u2013 wird aus dem \u201eBaum der Gesundheit\u201c gewonnen<\/div>\n<div>\u2013 Vitamine, Mineralstoffe, Enzyme,- Emollien-Effekt<\/div>\n<div>\u2013 regt den Stoffwechsel an<\/div>\n<div>\u2013 l\u00f6st abgestorbene Hautsch\u00fcppchen<\/div>\n<div><\/div>\n<div><strong>Aprikosenkern\u00f6l:<\/strong><\/div>\n<div>\u2013 glycerinveresterte, unges\u00e4ttigte Fetts\u00e4uren der \u00d6ls\u00e4ure (ca. 75%) und Linols\u00e4ure \/ca. 20%)<\/div>\n<\/div>\n<p>[\/fusion_li_item][fusion_li_item icon=\"\"]<span style=\"color: #181b20;\"><strong>Anwendung<\/strong><\/span> &#8211; Als 24-h Creme f\u00fcr schnelle Regeneration.[\/fusion_li_item][\/fusion_checklist]\n","protected":false},"featured_media":6927,"comment_status":"open","ping_status":"closed","template":"","meta":[],"product_brand":[],"product_cat":[384],"product_tag":[],"class_list":{"0":"post-8297","1":"product","2":"type-product","3":"status-publish","4":"has-post-thumbnail","6":"product_cat-basics-en-2","8":"first","9":"instock","10":"taxable","11":"shipping-taxable","12":"purchasable","13":"product-type-simple"},"yoast_head":"<!-- This site is optimized with the Yoast SEO plugin v27.4 - https:\/\/yoast.com\/product\/yoast-seo-wordpress\/ -->\n<title>BASICSFRESH &amp; FRUIT MOISTURE CREAM50 ml - Dorissima<\/title>\n<meta name=\"description\" content=\"Feuchtigkeitscreme f\u00fcr trockene Haut und Mischhaut.\" \/>\n<meta name=\"robots\" content=\"index, follow, max-snippet:-1, max-image-preview:large, max-video-preview:-1\" \/>\n<link rel=\"canonical\" href=\"https:\/\/dorissima.de\/en\/shop\/basics-en\/basics-en-2\/basicsfresh-fruit-moisture-cream50-ml\/\" \/>\n<meta property=\"og:locale\" content=\"en_US\" \/>\n<meta property=\"og:type\" content=\"article\" \/>\n<meta property=\"og:title\" content=\"BASICSFRESH &amp; FRUIT MOISTURE CREAM50 ml - Dorissima\" \/>\n<meta property=\"og:description\" content=\"Feuchtigkeitscreme f\u00fcr trockene Haut und Mischhaut.\" \/>\n<meta property=\"og:url\" content=\"https:\/\/dorissima.de\/en\/shop\/basics-en\/basics-en-2\/basicsfresh-fruit-moisture-cream50-ml\/\" \/>\n<meta property=\"og:site_name\" content=\"Dorissima\" \/>\n<meta property=\"article:publisher\" content=\"https:\/\/www.facebook.com\/www.dorissima.de\" \/>\n<meta property=\"article:modified_time\" content=\"2021-07-14T14:20:15+00:00\" \/>\n<meta property=\"og:image\" content=\"https:\/\/dorissima.de\/wp-content\/uploads\/2021\/02\/Dorissima_triology-19-2.jpg\" \/>\n\t<meta property=\"og:image:width\" content=\"1000\" \/>\n\t<meta property=\"og:image:height\" content=\"1000\" \/>\n\t<meta property=\"og:image:type\" content=\"image\/jpeg\" \/>\n<meta name=\"twitter:card\" content=\"summary_large_image\" \/>\n<script type=\"application\/ld+json\" class=\"yoast-schema-graph\">{\"@context\":\"https:\\\/\\\/schema.org\",\"@graph\":[{\"@type\":\"WebPage\",\"@id\":\"https:\\\/\\\/dorissima.de\\\/en\\\/shop\\\/basics-en\\\/basics-en-2\\\/basicsfresh-fruit-moisture-cream50-ml\\\/\",\"url\":\"https:\\\/\\\/dorissima.de\\\/en\\\/shop\\\/basics-en\\\/basics-en-2\\\/basicsfresh-fruit-moisture-cream50-ml\\\/\",\"name\":\"BASICS FRESH & FRUIT MOISTURE CREAM 50 ml - Dorissima\",\"isPartOf\":{\"@id\":\"https:\\\/\\\/dorissima.de\\\/en\\\/#website\"},\"primaryImageOfPage\":{\"@id\":\"https:\\\/\\\/dorissima.de\\\/en\\\/shop\\\/basics-en\\\/basics-en-2\\\/basicsfresh-fruit-moisture-cream50-ml\\\/#primaryimage\"},\"image\":{\"@id\":\"https:\\\/\\\/dorissima.de\\\/en\\\/shop\\\/basics-en\\\/basics-en-2\\\/basicsfresh-fruit-moisture-cream50-ml\\\/#primaryimage\"},\"thumbnailUrl\":\"https:\\\/\\\/dorissima.de\\\/wp-content\\\/uploads\\\/2021\\\/02\\\/Dorissima_triology-19-2.jpg\",\"datePublished\":\"2021-02-08T00:02:26+00:00\",\"dateModified\":\"2021-07-14T14:20:15+00:00\",\"description\":\"Feuchtigkeitscreme f\u00fcr trockene Haut und Mischhaut.\",\"breadcrumb\":{\"@id\":\"https:\\\/\\\/dorissima.de\\\/en\\\/shop\\\/basics-en\\\/basics-en-2\\\/basicsfresh-fruit-moisture-cream50-ml\\\/#breadcrumb\"},\"inLanguage\":\"en-US\",\"potentialAction\":[{\"@type\":\"ReadAction\",\"target\":[\"https:\\\/\\\/dorissima.de\\\/en\\\/shop\\\/basics-en\\\/basics-en-2\\\/basicsfresh-fruit-moisture-cream50-ml\\\/\"]}]},{\"@type\":\"ImageObject\",\"inLanguage\":\"en-US\",\"@id\":\"https:\\\/\\\/dorissima.de\\\/en\\\/shop\\\/basics-en\\\/basics-en-2\\\/basicsfresh-fruit-moisture-cream50-ml\\\/#primaryimage\",\"url\":\"https:\\\/\\\/dorissima.de\\\/wp-content\\\/uploads\\\/2021\\\/02\\\/Dorissima_triology-19-2.jpg\",\"contentUrl\":\"https:\\\/\\\/dorissima.de\\\/wp-content\\\/uploads\\\/2021\\\/02\\\/Dorissima_triology-19-2.jpg\",\"width\":1000,\"height\":1000},{\"@type\":\"BreadcrumbList\",\"@id\":\"https:\\\/\\\/dorissima.de\\\/en\\\/shop\\\/basics-en\\\/basics-en-2\\\/basicsfresh-fruit-moisture-cream50-ml\\\/#breadcrumb\",\"itemListElement\":[{\"@type\":\"ListItem\",\"position\":1,\"name\":\"Startseite\",\"item\":\"https:\\\/\\\/dorissima.de\\\/en\\\/\"},{\"@type\":\"ListItem\",\"position\":2,\"name\":\"Shop\",\"item\":\"https:\\\/\\\/dorissima.de\\\/en\\\/shop\\\/\"},{\"@type\":\"ListItem\",\"position\":3,\"name\":\"BASICSFRESH &#038; FRUIT MOISTURE CREAM50 ml\"}]},{\"@type\":\"WebSite\",\"@id\":\"https:\\\/\\\/dorissima.de\\\/en\\\/#website\",\"url\":\"https:\\\/\\\/dorissima.de\\\/en\\\/\",\"name\":\"Dorissima\",\"description\":\"Touch - Feel - Live\",\"publisher\":{\"@id\":\"https:\\\/\\\/dorissima.de\\\/en\\\/#organization\"},\"potentialAction\":[{\"@type\":\"SearchAction\",\"target\":{\"@type\":\"EntryPoint\",\"urlTemplate\":\"https:\\\/\\\/dorissima.de\\\/en\\\/?s={search_term_string}\"},\"query-input\":{\"@type\":\"PropertyValueSpecification\",\"valueRequired\":true,\"valueName\":\"search_term_string\"}}],\"inLanguage\":\"en-US\"},{\"@type\":\"Organization\",\"@id\":\"https:\\\/\\\/dorissima.de\\\/en\\\/#organization\",\"name\":\"Dorissima - Brugger Handels- und Consulting KG\",\"url\":\"https:\\\/\\\/dorissima.de\\\/en\\\/\",\"logo\":{\"@type\":\"ImageObject\",\"inLanguage\":\"en-US\",\"@id\":\"https:\\\/\\\/dorissima.de\\\/en\\\/#\\\/schema\\\/logo\\\/image\\\/\",\"url\":\"https:\\\/\\\/dorissima.de\\\/wp-content\\\/uploads\\\/2020\\\/11\\\/dorissima_handwritten.png\",\"contentUrl\":\"https:\\\/\\\/dorissima.de\\\/wp-content\\\/uploads\\\/2020\\\/11\\\/dorissima_handwritten.png\",\"width\":400,\"height\":103,\"caption\":\"Dorissima - Brugger Handels- und Consulting KG\"},\"image\":{\"@id\":\"https:\\\/\\\/dorissima.de\\\/en\\\/#\\\/schema\\\/logo\\\/image\\\/\"},\"sameAs\":[\"https:\\\/\\\/www.facebook.com\\\/www.dorissima.de\",\"https:\\\/\\\/www.instagram.com\\\/dorissima.spirit\"]}]}<\/script>\n<!-- \/ Yoast SEO plugin. -->","yoast_head_json":{"title":"BASICSFRESH & FRUIT MOISTURE CREAM50 ml - Dorissima","description":"Feuchtigkeitscreme f\u00fcr trockene Haut und Mischhaut.","robots":{"index":"index","follow":"follow","max-snippet":"max-snippet:-1","max-image-preview":"max-image-preview:large","max-video-preview":"max-video-preview:-1"},"canonical":"https:\/\/dorissima.de\/en\/shop\/basics-en\/basics-en-2\/basicsfresh-fruit-moisture-cream50-ml\/","og_locale":"en_US","og_type":"article","og_title":"BASICSFRESH & FRUIT MOISTURE CREAM50 ml - Dorissima","og_description":"Feuchtigkeitscreme f\u00fcr trockene Haut und Mischhaut.","og_url":"https:\/\/dorissima.de\/en\/shop\/basics-en\/basics-en-2\/basicsfresh-fruit-moisture-cream50-ml\/","og_site_name":"Dorissima","article_publisher":"https:\/\/www.facebook.com\/www.dorissima.de","article_modified_time":"2021-07-14T14:20:15+00:00","og_image":[{"width":1000,"height":1000,"url":"https:\/\/dorissima.de\/wp-content\/uploads\/2021\/02\/Dorissima_triology-19-2.jpg","type":"image\/jpeg"}],"twitter_card":"summary_large_image","schema":{"@context":"https:\/\/schema.org","@graph":[{"@type":"WebPage","@id":"https:\/\/dorissima.de\/en\/shop\/basics-en\/basics-en-2\/basicsfresh-fruit-moisture-cream50-ml\/","url":"https:\/\/dorissima.de\/en\/shop\/basics-en\/basics-en-2\/basicsfresh-fruit-moisture-cream50-ml\/","name":"BASICS FRESH & FRUIT MOISTURE CREAM 50 ml - Dorissima","isPartOf":{"@id":"https:\/\/dorissima.de\/en\/#website"},"primaryImageOfPage":{"@id":"https:\/\/dorissima.de\/en\/shop\/basics-en\/basics-en-2\/basicsfresh-fruit-moisture-cream50-ml\/#primaryimage"},"image":{"@id":"https:\/\/dorissima.de\/en\/shop\/basics-en\/basics-en-2\/basicsfresh-fruit-moisture-cream50-ml\/#primaryimage"},"thumbnailUrl":"https:\/\/dorissima.de\/wp-content\/uploads\/2021\/02\/Dorissima_triology-19-2.jpg","datePublished":"2021-02-08T00:02:26+00:00","dateModified":"2021-07-14T14:20:15+00:00","description":"Feuchtigkeitscreme f\u00fcr trockene Haut und Mischhaut.","breadcrumb":{"@id":"https:\/\/dorissima.de\/en\/shop\/basics-en\/basics-en-2\/basicsfresh-fruit-moisture-cream50-ml\/#breadcrumb"},"inLanguage":"en-US","potentialAction":[{"@type":"ReadAction","target":["https:\/\/dorissima.de\/en\/shop\/basics-en\/basics-en-2\/basicsfresh-fruit-moisture-cream50-ml\/"]}]},{"@type":"ImageObject","inLanguage":"en-US","@id":"https:\/\/dorissima.de\/en\/shop\/basics-en\/basics-en-2\/basicsfresh-fruit-moisture-cream50-ml\/#primaryimage","url":"https:\/\/dorissima.de\/wp-content\/uploads\/2021\/02\/Dorissima_triology-19-2.jpg","contentUrl":"https:\/\/dorissima.de\/wp-content\/uploads\/2021\/02\/Dorissima_triology-19-2.jpg","width":1000,"height":1000},{"@type":"BreadcrumbList","@id":"https:\/\/dorissima.de\/en\/shop\/basics-en\/basics-en-2\/basicsfresh-fruit-moisture-cream50-ml\/#breadcrumb","itemListElement":[{"@type":"ListItem","position":1,"name":"Startseite","item":"https:\/\/dorissima.de\/en\/"},{"@type":"ListItem","position":2,"name":"Shop","item":"https:\/\/dorissima.de\/en\/shop\/"},{"@type":"ListItem","position":3,"name":"BASICSFRESH &#038; FRUIT MOISTURE CREAM50 ml"}]},{"@type":"WebSite","@id":"https:\/\/dorissima.de\/en\/#website","url":"https:\/\/dorissima.de\/en\/","name":"Dorissima","description":"Touch - Feel - Live","publisher":{"@id":"https:\/\/dorissima.de\/en\/#organization"},"potentialAction":[{"@type":"SearchAction","target":{"@type":"EntryPoint","urlTemplate":"https:\/\/dorissima.de\/en\/?s={search_term_string}"},"query-input":{"@type":"PropertyValueSpecification","valueRequired":true,"valueName":"search_term_string"}}],"inLanguage":"en-US"},{"@type":"Organization","@id":"https:\/\/dorissima.de\/en\/#organization","name":"Dorissima - Brugger Handels- und Consulting KG","url":"https:\/\/dorissima.de\/en\/","logo":{"@type":"ImageObject","inLanguage":"en-US","@id":"https:\/\/dorissima.de\/en\/#\/schema\/logo\/image\/","url":"https:\/\/dorissima.de\/wp-content\/uploads\/2020\/11\/dorissima_handwritten.png","contentUrl":"https:\/\/dorissima.de\/wp-content\/uploads\/2020\/11\/dorissima_handwritten.png","width":400,"height":103,"caption":"Dorissima - Brugger Handels- und Consulting KG"},"image":{"@id":"https:\/\/dorissima.de\/en\/#\/schema\/logo\/image\/"},"sameAs":["https:\/\/www.facebook.com\/www.dorissima.de","https:\/\/www.instagram.com\/dorissima.spirit"]}]}},"_links":{"self":[{"href":"https:\/\/dorissima.de\/en\/wp-json\/wp\/v2\/product\/8297","targetHints":{"allow":["GET"]}}],"collection":[{"href":"https:\/\/dorissima.de\/en\/wp-json\/wp\/v2\/product"}],"about":[{"href":"https:\/\/dorissima.de\/en\/wp-json\/wp\/v2\/types\/product"}],"replies":[{"embeddable":true,"href":"https:\/\/dorissima.de\/en\/wp-json\/wp\/v2\/comments?post=8297"}],"wp:featuredmedia":[{"embeddable":true,"href":"https:\/\/dorissima.de\/en\/wp-json\/wp\/v2\/media\/6927"}],"wp:attachment":[{"href":"https:\/\/dorissima.de\/en\/wp-json\/wp\/v2\/media?parent=8297"}],"wp:term":[{"taxonomy":"product_brand","embeddable":true,"href":"https:\/\/dorissima.de\/en\/wp-json\/wp\/v2\/product_brand?post=8297"},{"taxonomy":"product_cat","embeddable":true,"href":"https:\/\/dorissima.de\/en\/wp-json\/wp\/v2\/product_cat?post=8297"},{"taxonomy":"product_tag","embeddable":true,"href":"https:\/\/dorissima.de\/en\/wp-json\/wp\/v2\/product_tag?post=8297"}],"curies":[{"name":"wp","href":"https:\/\/api.w.org\/{rel}","templated":true}]}}