{"id":8303,"date":"2021-02-08T00:09:00","date_gmt":"2021-02-08T00:09:00","guid":{"rendered":"https:\/\/dorissima.de\/shop\/uncategorized\/aloe-night-cream\/"},"modified":"2021-02-08T00:09:00","modified_gmt":"2021-02-08T00:09:00","slug":"aloe-night-cream","status":"publish","type":"product","link":"https:\/\/dorissima.de\/en\/shop\/basics-en\/basics-en-2\/aloe-night-cream\/","title":{"rendered":"BASICS<br>ALOE NIGHT CREAM<br>50 ml"},"content":{"rendered":"","protected":false},"excerpt":{"rendered":"<h3>Biocosmetic<\/h3>\n<h4 style=\"padding-bottom: 3%;\">Emulsion &#8211; Pflege und Schutz f\u00fcr die jugendliche und normale, eher trockene Mischhaut.<\/h4>\n[fusion_checklist icon=\"fa-asterisk fas\" iconcolor=\"\" circle=\"\" circlecolor=\"\" size=\"14px\" divider=\"\" divider_color=\"\" hide_on_mobile=\"small-visibility,medium-visibility,large-visibility\" class=\"\" id=\"\"][fusion_li_item icon=\"\"]<span style=\"color: #181b20;\"><strong>Wirkungsweise<\/strong><\/span> &#8211; Auf nat\u00fcrlichen Elementen aufgebaute Sch\u00f6nheitscreme mit Aloe-Blattsaft und Seiden-Hydrolysat. Die speziellen Inhaltsstoffe wirken ausgleichend und die Elastizit\u00e4t f\u00f6rdernd. Pflegt die Haut weich und geschmeidig. Die regelm\u00e4\u00c3\u0178ige Anwendung zeigt schon bald sichtbare Erfolge: kleine F\u00e4ltchen erscheinen gegl\u00e4ttet, der Teint wirkt frisch und jugendlich.[\/fusion_li_item][fusion_li_item icon=\"\"]<span style=\"color: #181b20;\"><strong>Wirkstoffe<\/strong><\/span> &#8211; Aloe-Vera-Gel, Meeresseiden-Hydrolysat, Panthenol, hautfreundliche \u00d6le und Fette in einer Emulsion Wasser-in-\u00d6l.[\/fusion_li_item][fusion_li_item icon=\"\"]<span style=\"color: #181b20;\"><strong>Anwendung<\/strong><\/span> &#8211; Nach gr\u00fcndlicher Reinigung auftragen und nachts einwirken lassen.[\/fusion_li_item][\/fusion_checklist]\n","protected":false},"featured_media":6697,"comment_status":"open","ping_status":"closed","template":"","meta":[],"product_brand":[],"product_cat":[384],"product_tag":[],"class_list":{"0":"post-8303","1":"product","2":"type-product","3":"status-publish","4":"has-post-thumbnail","6":"product_cat-basics-en-2","8":"first","9":"instock","10":"taxable","11":"shipping-taxable","12":"purchasable","13":"product-type-simple"},"yoast_head":"<!-- This site is optimized with the Yoast SEO plugin v27.4 - https:\/\/yoast.com\/product\/yoast-seo-wordpress\/ -->\n<title>BASICSALOE NIGHT CREAM50 ml - Dorissima<\/title>\n<meta name=\"description\" content=\"Ich lasse los, ich entspanne. Power, Lebenskraft, Ausdauer, Durchhalteverm\u00f6gen und Durchsetzungskraft sind mein Ziel.\" \/>\n<meta name=\"robots\" content=\"index, follow, max-snippet:-1, max-image-preview:large, max-video-preview:-1\" \/>\n<link rel=\"canonical\" href=\"https:\/\/dorissima.de\/en\/shop\/basics-en\/basics-en-2\/aloe-night-cream\/\" \/>\n<meta property=\"og:locale\" content=\"en_US\" \/>\n<meta property=\"og:type\" content=\"article\" \/>\n<meta property=\"og:title\" content=\"BASICSALOE NIGHT CREAM50 ml - Dorissima\" \/>\n<meta property=\"og:description\" content=\"Ich lasse los, ich entspanne. Power, Lebenskraft, Ausdauer, Durchhalteverm\u00f6gen und Durchsetzungskraft sind mein Ziel.\" \/>\n<meta property=\"og:url\" content=\"https:\/\/dorissima.de\/en\/shop\/basics-en\/basics-en-2\/aloe-night-cream\/\" \/>\n<meta property=\"og:site_name\" content=\"Dorissima\" \/>\n<meta property=\"article:publisher\" content=\"https:\/\/www.facebook.com\/www.dorissima.de\" \/>\n<meta property=\"og:image\" content=\"https:\/\/dorissima.de\/wp-content\/uploads\/2021\/02\/Dorissima_triology-7.jpg\" \/>\n\t<meta property=\"og:image:width\" content=\"1000\" \/>\n\t<meta property=\"og:image:height\" content=\"1000\" \/>\n\t<meta property=\"og:image:type\" content=\"image\/jpeg\" \/>\n<meta name=\"twitter:card\" content=\"summary_large_image\" \/>\n<script type=\"application\/ld+json\" class=\"yoast-schema-graph\">{\"@context\":\"https:\\\/\\\/schema.org\",\"@graph\":[{\"@type\":\"WebPage\",\"@id\":\"https:\\\/\\\/dorissima.de\\\/en\\\/shop\\\/basics-en\\\/basics-en-2\\\/aloe-night-cream\\\/\",\"url\":\"https:\\\/\\\/dorissima.de\\\/en\\\/shop\\\/basics-en\\\/basics-en-2\\\/aloe-night-cream\\\/\",\"name\":\"BASICS ALOE NIGHT CREAM 50 ml - Dorissima\",\"isPartOf\":{\"@id\":\"https:\\\/\\\/dorissima.de\\\/en\\\/#website\"},\"primaryImageOfPage\":{\"@id\":\"https:\\\/\\\/dorissima.de\\\/en\\\/shop\\\/basics-en\\\/basics-en-2\\\/aloe-night-cream\\\/#primaryimage\"},\"image\":{\"@id\":\"https:\\\/\\\/dorissima.de\\\/en\\\/shop\\\/basics-en\\\/basics-en-2\\\/aloe-night-cream\\\/#primaryimage\"},\"thumbnailUrl\":\"https:\\\/\\\/dorissima.de\\\/wp-content\\\/uploads\\\/2021\\\/02\\\/Dorissima_triology-7.jpg\",\"datePublished\":\"2021-02-08T00:09:00+00:00\",\"description\":\"Ich lasse los, ich entspanne. Power, Lebenskraft, Ausdauer, Durchhalteverm\u00f6gen und Durchsetzungskraft sind mein Ziel.\",\"breadcrumb\":{\"@id\":\"https:\\\/\\\/dorissima.de\\\/en\\\/shop\\\/basics-en\\\/basics-en-2\\\/aloe-night-cream\\\/#breadcrumb\"},\"inLanguage\":\"en-US\",\"potentialAction\":[{\"@type\":\"ReadAction\",\"target\":[\"https:\\\/\\\/dorissima.de\\\/en\\\/shop\\\/basics-en\\\/basics-en-2\\\/aloe-night-cream\\\/\"]}]},{\"@type\":\"ImageObject\",\"inLanguage\":\"en-US\",\"@id\":\"https:\\\/\\\/dorissima.de\\\/en\\\/shop\\\/basics-en\\\/basics-en-2\\\/aloe-night-cream\\\/#primaryimage\",\"url\":\"https:\\\/\\\/dorissima.de\\\/wp-content\\\/uploads\\\/2021\\\/02\\\/Dorissima_triology-7.jpg\",\"contentUrl\":\"https:\\\/\\\/dorissima.de\\\/wp-content\\\/uploads\\\/2021\\\/02\\\/Dorissima_triology-7.jpg\",\"width\":1000,\"height\":1000},{\"@type\":\"BreadcrumbList\",\"@id\":\"https:\\\/\\\/dorissima.de\\\/en\\\/shop\\\/basics-en\\\/basics-en-2\\\/aloe-night-cream\\\/#breadcrumb\",\"itemListElement\":[{\"@type\":\"ListItem\",\"position\":1,\"name\":\"Startseite\",\"item\":\"https:\\\/\\\/dorissima.de\\\/en\\\/\"},{\"@type\":\"ListItem\",\"position\":2,\"name\":\"Shop\",\"item\":\"https:\\\/\\\/dorissima.de\\\/en\\\/shop\\\/\"},{\"@type\":\"ListItem\",\"position\":3,\"name\":\"BASICSALOE NIGHT CREAM50 ml\"}]},{\"@type\":\"WebSite\",\"@id\":\"https:\\\/\\\/dorissima.de\\\/en\\\/#website\",\"url\":\"https:\\\/\\\/dorissima.de\\\/en\\\/\",\"name\":\"Dorissima\",\"description\":\"Touch - Feel - Live\",\"publisher\":{\"@id\":\"https:\\\/\\\/dorissima.de\\\/en\\\/#organization\"},\"potentialAction\":[{\"@type\":\"SearchAction\",\"target\":{\"@type\":\"EntryPoint\",\"urlTemplate\":\"https:\\\/\\\/dorissima.de\\\/en\\\/?s={search_term_string}\"},\"query-input\":{\"@type\":\"PropertyValueSpecification\",\"valueRequired\":true,\"valueName\":\"search_term_string\"}}],\"inLanguage\":\"en-US\"},{\"@type\":\"Organization\",\"@id\":\"https:\\\/\\\/dorissima.de\\\/en\\\/#organization\",\"name\":\"Dorissima - Brugger Handels- und Consulting KG\",\"url\":\"https:\\\/\\\/dorissima.de\\\/en\\\/\",\"logo\":{\"@type\":\"ImageObject\",\"inLanguage\":\"en-US\",\"@id\":\"https:\\\/\\\/dorissima.de\\\/en\\\/#\\\/schema\\\/logo\\\/image\\\/\",\"url\":\"https:\\\/\\\/dorissima.de\\\/wp-content\\\/uploads\\\/2020\\\/11\\\/dorissima_handwritten.png\",\"contentUrl\":\"https:\\\/\\\/dorissima.de\\\/wp-content\\\/uploads\\\/2020\\\/11\\\/dorissima_handwritten.png\",\"width\":400,\"height\":103,\"caption\":\"Dorissima - Brugger Handels- und Consulting KG\"},\"image\":{\"@id\":\"https:\\\/\\\/dorissima.de\\\/en\\\/#\\\/schema\\\/logo\\\/image\\\/\"},\"sameAs\":[\"https:\\\/\\\/www.facebook.com\\\/www.dorissima.de\",\"https:\\\/\\\/www.instagram.com\\\/dorissima.spirit\"]}]}<\/script>\n<!-- \/ Yoast SEO plugin. -->","yoast_head_json":{"title":"BASICSALOE NIGHT CREAM50 ml - Dorissima","description":"Ich lasse los, ich entspanne. Power, Lebenskraft, Ausdauer, Durchhalteverm\u00f6gen und Durchsetzungskraft sind mein Ziel.","robots":{"index":"index","follow":"follow","max-snippet":"max-snippet:-1","max-image-preview":"max-image-preview:large","max-video-preview":"max-video-preview:-1"},"canonical":"https:\/\/dorissima.de\/en\/shop\/basics-en\/basics-en-2\/aloe-night-cream\/","og_locale":"en_US","og_type":"article","og_title":"BASICSALOE NIGHT CREAM50 ml - Dorissima","og_description":"Ich lasse los, ich entspanne. Power, Lebenskraft, Ausdauer, Durchhalteverm\u00f6gen und Durchsetzungskraft sind mein Ziel.","og_url":"https:\/\/dorissima.de\/en\/shop\/basics-en\/basics-en-2\/aloe-night-cream\/","og_site_name":"Dorissima","article_publisher":"https:\/\/www.facebook.com\/www.dorissima.de","og_image":[{"width":1000,"height":1000,"url":"https:\/\/dorissima.de\/wp-content\/uploads\/2021\/02\/Dorissima_triology-7.jpg","type":"image\/jpeg"}],"twitter_card":"summary_large_image","schema":{"@context":"https:\/\/schema.org","@graph":[{"@type":"WebPage","@id":"https:\/\/dorissima.de\/en\/shop\/basics-en\/basics-en-2\/aloe-night-cream\/","url":"https:\/\/dorissima.de\/en\/shop\/basics-en\/basics-en-2\/aloe-night-cream\/","name":"BASICS ALOE NIGHT CREAM 50 ml - Dorissima","isPartOf":{"@id":"https:\/\/dorissima.de\/en\/#website"},"primaryImageOfPage":{"@id":"https:\/\/dorissima.de\/en\/shop\/basics-en\/basics-en-2\/aloe-night-cream\/#primaryimage"},"image":{"@id":"https:\/\/dorissima.de\/en\/shop\/basics-en\/basics-en-2\/aloe-night-cream\/#primaryimage"},"thumbnailUrl":"https:\/\/dorissima.de\/wp-content\/uploads\/2021\/02\/Dorissima_triology-7.jpg","datePublished":"2021-02-08T00:09:00+00:00","description":"Ich lasse los, ich entspanne. Power, Lebenskraft, Ausdauer, Durchhalteverm\u00f6gen und Durchsetzungskraft sind mein Ziel.","breadcrumb":{"@id":"https:\/\/dorissima.de\/en\/shop\/basics-en\/basics-en-2\/aloe-night-cream\/#breadcrumb"},"inLanguage":"en-US","potentialAction":[{"@type":"ReadAction","target":["https:\/\/dorissima.de\/en\/shop\/basics-en\/basics-en-2\/aloe-night-cream\/"]}]},{"@type":"ImageObject","inLanguage":"en-US","@id":"https:\/\/dorissima.de\/en\/shop\/basics-en\/basics-en-2\/aloe-night-cream\/#primaryimage","url":"https:\/\/dorissima.de\/wp-content\/uploads\/2021\/02\/Dorissima_triology-7.jpg","contentUrl":"https:\/\/dorissima.de\/wp-content\/uploads\/2021\/02\/Dorissima_triology-7.jpg","width":1000,"height":1000},{"@type":"BreadcrumbList","@id":"https:\/\/dorissima.de\/en\/shop\/basics-en\/basics-en-2\/aloe-night-cream\/#breadcrumb","itemListElement":[{"@type":"ListItem","position":1,"name":"Startseite","item":"https:\/\/dorissima.de\/en\/"},{"@type":"ListItem","position":2,"name":"Shop","item":"https:\/\/dorissima.de\/en\/shop\/"},{"@type":"ListItem","position":3,"name":"BASICSALOE NIGHT CREAM50 ml"}]},{"@type":"WebSite","@id":"https:\/\/dorissima.de\/en\/#website","url":"https:\/\/dorissima.de\/en\/","name":"Dorissima","description":"Touch - Feel - Live","publisher":{"@id":"https:\/\/dorissima.de\/en\/#organization"},"potentialAction":[{"@type":"SearchAction","target":{"@type":"EntryPoint","urlTemplate":"https:\/\/dorissima.de\/en\/?s={search_term_string}"},"query-input":{"@type":"PropertyValueSpecification","valueRequired":true,"valueName":"search_term_string"}}],"inLanguage":"en-US"},{"@type":"Organization","@id":"https:\/\/dorissima.de\/en\/#organization","name":"Dorissima - Brugger Handels- und Consulting KG","url":"https:\/\/dorissima.de\/en\/","logo":{"@type":"ImageObject","inLanguage":"en-US","@id":"https:\/\/dorissima.de\/en\/#\/schema\/logo\/image\/","url":"https:\/\/dorissima.de\/wp-content\/uploads\/2020\/11\/dorissima_handwritten.png","contentUrl":"https:\/\/dorissima.de\/wp-content\/uploads\/2020\/11\/dorissima_handwritten.png","width":400,"height":103,"caption":"Dorissima - Brugger Handels- und Consulting KG"},"image":{"@id":"https:\/\/dorissima.de\/en\/#\/schema\/logo\/image\/"},"sameAs":["https:\/\/www.facebook.com\/www.dorissima.de","https:\/\/www.instagram.com\/dorissima.spirit"]}]}},"_links":{"self":[{"href":"https:\/\/dorissima.de\/en\/wp-json\/wp\/v2\/product\/8303","targetHints":{"allow":["GET"]}}],"collection":[{"href":"https:\/\/dorissima.de\/en\/wp-json\/wp\/v2\/product"}],"about":[{"href":"https:\/\/dorissima.de\/en\/wp-json\/wp\/v2\/types\/product"}],"replies":[{"embeddable":true,"href":"https:\/\/dorissima.de\/en\/wp-json\/wp\/v2\/comments?post=8303"}],"wp:featuredmedia":[{"embeddable":true,"href":"https:\/\/dorissima.de\/en\/wp-json\/wp\/v2\/media\/6697"}],"wp:attachment":[{"href":"https:\/\/dorissima.de\/en\/wp-json\/wp\/v2\/media?parent=8303"}],"wp:term":[{"taxonomy":"product_brand","embeddable":true,"href":"https:\/\/dorissima.de\/en\/wp-json\/wp\/v2\/product_brand?post=8303"},{"taxonomy":"product_cat","embeddable":true,"href":"https:\/\/dorissima.de\/en\/wp-json\/wp\/v2\/product_cat?post=8303"},{"taxonomy":"product_tag","embeddable":true,"href":"https:\/\/dorissima.de\/en\/wp-json\/wp\/v2\/product_tag?post=8303"}],"curies":[{"name":"wp","href":"https:\/\/api.w.org\/{rel}","templated":true}]}}